{"id":30037,"date":"2023-09-05T14:17:44","date_gmt":"2023-09-05T18:17:44","guid":{"rendered":"https:\/\/ser.cw\/?page_id=30037"},"modified":"2023-09-06T18:13:55","modified_gmt":"2023-09-06T22:13:55","slug":"simposio-promoshon-di-un-merkado-laboral-inklusivo-na-korsou-eksplorando-aserkamentunan-inovativo","status":"publish","type":"page","link":"https:\/\/ser.cw\/pap\/simposio-promoshon-di-un-merkado-laboral-inklusivo-na-korsou-eksplorando-aserkamentunan-inovativo\/","title":{"rendered":"Simposio: Promoshon di un Merkado Laboral Inklusivo na K\u00f2rsou: Eksplorando Aserkamentunan Inovativo"},"content":{"rendered":"<p>[et_pb_section fb_built=&#8221;1&#8243; fullwidth=&#8221;on&#8221; _builder_version=&#8221;4.16&#8243; global_colors_info=&#8221;{}&#8221;][et_pb_fullwidth_slider _builder_version=&#8221;4.22.1&#8243; header_font_size=&#8221;91&#8243; custom_padding=&#8221;|||&#8221; saved_tabs=&#8221;all&#8221; global_colors_info=&#8221;{}&#8221; button_text_size__hover_enabled=&#8221;off&#8221; button_text_size__hover=&#8221;null&#8221; button_one_text_size__hover_enabled=&#8221;off&#8221; button_one_text_size__hover=&#8221;null&#8221; button_two_text_size__hover_enabled=&#8221;off&#8221; button_two_text_size__hover=&#8221;null&#8221; button_text_color__hover_enabled=&#8221;off&#8221; button_text_color__hover=&#8221;null&#8221; button_one_text_color__hover_enabled=&#8221;off&#8221; button_one_text_color__hover=&#8221;null&#8221; button_two_text_color__hover_enabled=&#8221;off&#8221; button_two_text_color__hover=&#8221;null&#8221; button_border_width__hover_enabled=&#8221;off&#8221; button_border_width__hover=&#8221;null&#8221; button_one_border_width__hover_enabled=&#8221;off&#8221; button_one_border_width__hover=&#8221;null&#8221; button_two_border_width__hover_enabled=&#8221;off&#8221; button_two_border_width__hover=&#8221;null&#8221; button_border_color__hover_enabled=&#8221;off&#8221; button_border_color__hover=&#8221;null&#8221; button_one_border_color__hover_enabled=&#8221;off&#8221; button_one_border_color__hover=&#8221;null&#8221; button_two_border_color__hover_enabled=&#8221;off&#8221; button_two_border_color__hover=&#8221;null&#8221; button_border_radius__hover_enabled=&#8221;off&#8221; button_border_radius__hover=&#8221;null&#8221; button_one_border_radius__hover_enabled=&#8221;off&#8221; button_one_border_radius__hover=&#8221;null&#8221; button_two_border_radius__hover_enabled=&#8221;off&#8221; button_two_border_radius__hover=&#8221;null&#8221; button_letter_spacing__hover_enabled=&#8221;on&#8221; button_letter_spacing__hover=&#8221;0&#8243; button_one_letter_spacing__hover_enabled=&#8221;off&#8221; button_one_letter_spacing__hover=&#8221;null&#8221; button_two_letter_spacing__hover_enabled=&#8221;off&#8221; button_two_letter_spacing__hover=&#8221;null&#8221; button_bg_color__hover_enabled=&#8221;off&#8221; button_bg_color__hover=&#8221;null&#8221; button_one_bg_color__hover_enabled=&#8221;off&#8221; button_one_bg_color__hover=&#8221;null&#8221; button_two_bg_color__hover_enabled=&#8221;off&#8221; button_two_bg_color__hover=&#8221;null&#8221;][et_pb_slide use_bg_overlay=&#8221;off&#8221; use_text_overlay=&#8221;off&#8221; admin_title=&#8221;web&#8221; _builder_version=&#8221;4.22.1&#8243; header_font=&#8221;||||&#8221; header_text_align=&#8221;center&#8221; header_font_size=&#8221;50&#8243; body_font=&#8221;||||&#8221; background_color=&#8221;#ffffff&#8221; background_image=&#8221;https:\/\/ser.cw\/wp-content\/uploads\/sites\/280\/2023\/09\/banner.jpeg&#8221; background_enable_image=&#8221;on&#8221; button_on_hover=&#8221;on&#8221; header_font_size_tablet=&#8221;44&#8243; header_font_size_phone=&#8221;44&#8243; global_colors_info=&#8221;{}&#8221; sticky_transition=&#8221;on&#8221;][\/et_pb_slide][\/et_pb_fullwidth_slider][\/et_pb_section][et_pb_section fb_built=&#8221;1&#8243; _builder_version=&#8221;4.16&#8243; background_color=&#8221;rgba(255,255,255,0)&#8221; custom_padding=&#8221;0px|0px|0px|0px&#8221; transparent_background=&#8221;on&#8221; global_colors_info=&#8221;{}&#8221;][et_pb_row column_structure=&#8221;2_3,1_3&#8243; use_custom_gutter=&#8221;on&#8221; gutter_width=&#8221;1&#8243; _builder_version=&#8221;4.16&#8243; global_colors_info=&#8221;{}&#8221;][et_pb_column type=&#8221;2_3&#8243; _builder_version=&#8221;4.16&#8243; custom_padding=&#8221;|||&#8221; global_colors_info=&#8221;{}&#8221; custom_padding__hover=&#8221;|||&#8221;][\/et_pb_column][et_pb_column type=&#8221;1_3&#8243; _builder_version=&#8221;4.16&#8243; custom_padding=&#8221;|||&#8221; global_colors_info=&#8221;{}&#8221; custom_padding__hover=&#8221;|||&#8221;][\/et_pb_column][\/et_pb_row][\/et_pb_section][et_pb_section fb_built=&#8221;1&#8243; _builder_version=&#8221;4.16&#8243; background_color=&#8221;#d1f0ff&#8221; custom_padding=&#8221;0px|0px|0px|0px&#8221; global_colors_info=&#8221;{}&#8221;][et_pb_row column_structure=&#8221;2_3,1_3&#8243; use_custom_gutter=&#8221;on&#8221; gutter_width=&#8221;1&#8243; make_equal=&#8221;on&#8221; _builder_version=&#8221;4.16&#8243; global_colors_info=&#8221;{}&#8221;][et_pb_column type=&#8221;2_3&#8243; _builder_version=&#8221;4.16&#8243; background_color=&#8221;#fcfeff&#8221; custom_padding=&#8221;30px|30px|0px|30px&#8221; global_colors_info=&#8221;{}&#8221; custom_padding__hover=&#8221;|||&#8221;][et_pb_text _builder_version=&#8221;4.22.1&#8243; background_color=&#8221;rgba(33,196,161,0.68)&#8221; height=&#8221;90px&#8221; custom_margin=&#8221;-120px|-30px||-30px|false|false&#8221; custom_padding=&#8221;15px|30px|3px|30px&#8221; hover_enabled=&#8221;0&#8243; global_colors_info=&#8221;{}&#8221; sticky_enabled=&#8221;0&#8243;]<\/p>\n<h1>Promoshon di un Merkado Laboral Inklusivo na K\u00f2rsou: Eksplorando Aserkamentunan Inovativo<\/h1>\n<p>[\/et_pb_text][et_pb_text _builder_version=&#8221;4.22.1&#8243; header_5_font_size=&#8221;18px&#8221; header_5_line_height=&#8221;1.3em&#8221; custom_padding=&#8221;30px||30px|&#8221; hover_enabled=&#8221;0&#8243; global_colors_info=&#8221;{}&#8221; sticky_enabled=&#8221;0&#8243;]<\/p>\n<h2 align=\"justify\"><span style=\"font-family: Cuprum, serif;\">Introdukshon<\/span><\/h2>\n<h5 align=\"justify\"><span style=\"font-family: Cuprum, serif;\">Riba 31 di \u00f2ktober 2023, Konseho Sosial-Ekon\u00f3miko (SER) a organis\u00e1 un simposio ku a titul\u00e1 \u2018Promoshon di un Merkado Laboral Inklusivo na K\u00f2rsou: Eksplorando Aserkamentunan Inovativo\u2019, den koperashon ku Organisashon Internashonal di Trabou (ILO), Universidat di Korsou (UoC), Halto Komisariodo pa Refugiado di Nashonan Un\u00ed (UNHCR), i Human Rights Defense Cura\u00e7ao (HRDC). E simposio tabata tin komo meta eksplor\u00e1 un bista inklusivo pa K\u00f2rsou, na nivel lokal i den perspektiva internashonal mas amplio.<\/span><\/h5>\n<p>[\/et_pb_text][\/et_pb_column][et_pb_column type=&#8221;1_3&#8243; _builder_version=&#8221;4.16&#8243; background_color=&#8221;#f4fbff&#8221; custom_padding=&#8221;30px|30px|30px|30px&#8221; global_colors_info=&#8221;{}&#8221; custom_padding__hover=&#8221;|||&#8221;][et_pb_sidebar area=&#8221;et_pb_widget_area_7&#8243; disabled_on=&#8221;off|off|off&#8221; _builder_version=&#8221;4.22.1&#8243; hover_enabled=&#8221;0&#8243; saved_tabs=&#8221;all&#8221; global_colors_info=&#8221;{}&#8221; sticky_enabled=&#8221;0&#8243;][\/et_pb_sidebar][et_pb_divider show_divider=&#8221;off&#8221; _builder_version=&#8221;4.16&#8243; height=&#8221;52px&#8221; global_colors_info=&#8221;{}&#8221;][\/et_pb_divider][et_pb_text disabled_on=&#8221;on|on|on&#8221; module_class=&#8221;context&#8221; _builder_version=&#8221;4.16&#8243; background_color=&#8221;#d8d8d8&#8243; disabled=&#8221;on&#8221; global_colors_info=&#8221;{}&#8221;]<\/p>\n<h2>Context<\/h2>\n<p>Humanity continues to embark on a period of unparalleled technological advancement. The next 5, 10 and 20 years will present both significant challenges and opportunities. The Fourth Industrial Revolution is bringing technologies that blur the lines between the physical, digital and biological spheres across all sectors. Technologies like artificial intelligence (AI), nanotechnology, quantum computing, synthetic biology and robotics will all drastically supersede any digital progress made in the past 60 years and create realities that we previously thought to be unthinkable. Such profound realities will disrupt and change the business model of each and every industry and the social economic model of each and every country.\u00a0Private sectors, governments, academics, labor unions and entrepreneurs are all seeking the roadmap for navigating these profound changes in the world of work. Such a road map must be created collaboratively by all stakeholders.<\/p>\n<p>[\/et_pb_text][\/et_pb_column][\/et_pb_row][\/et_pb_section][et_pb_section fb_built=&#8221;1&#8243; module_class=&#8221;contact-footer&#8221; _builder_version=&#8221;4.19.4&#8243; _module_preset=&#8221;default&#8221; saved_tabs=&#8221;all&#8221; locked=&#8221;off&#8221; global_colors_info=&#8221;{}&#8221;][et_pb_row column_structure=&#8221;1_3,1_3,1_3&#8243; use_custom_gutter=&#8221;on&#8221; make_equal=&#8221;on&#8221; _builder_version=&#8221;4.16&#8243; background_color=&#8221;#73d2ff&#8221; width_phone=&#8221;50px&#8221; max_width_phone=&#8221;1280px&#8221; custom_margin=&#8221;0px||0px|&#8221; custom_padding=&#8221;0px|0px|0px|0px&#8221; z_index_tablet=&#8221;500&#8243; box_shadow_horizontal_tablet=&#8221;0px&#8221; box_shadow_vertical_tablet=&#8221;0px&#8221; box_shadow_blur_tablet=&#8221;40px&#8221; box_shadow_spread_tablet=&#8221;0px&#8221; global_colors_info=&#8221;{}&#8221;][et_pb_column type=&#8221;1_3&#8243; _builder_version=&#8221;4.16&#8243; custom_padding=&#8221;30px|30px|30px|30px&#8221; global_colors_info=&#8221;{}&#8221; custom_padding__hover=&#8221;|||&#8221;][et_pb_text admin_label=&#8221;Links&#8221; _builder_version=&#8221;4.16&#8243; text_font=&#8221;||||||||&#8221; text_font_size=&#8221;20px&#8221; ul_font=&#8221;||||||||&#8221; header_font=&#8221;||||||||&#8221; border_style=&#8221;solid&#8221; text_text_align=&#8221;left&#8221; global_colors_info=&#8221;{}&#8221;]<\/p>\n<h3 style=\"text-align: left\">Meer informatie<\/h3>\n<ul>\n<li style=\"text-align: left\"><a href=\"https:\/\/ser.cw\/ser-in-het-kort\/wat-doet-de-ser\/\">Wat doet de SER?<\/a><\/li>\n<li style=\"text-align: left\"><a href=\"\/onze-werkwijze\/wettelijke-regelingen\/\">Wettelijke regelingen<\/a><\/li>\n<li style=\"text-align: left\"><a href=\"https:\/\/ser.cw\/documenten\/jaarverslagen\/\">Jaarverslagen<\/a><\/li>\n<\/ul>\n<p>[\/et_pb_text][\/et_pb_column][et_pb_column type=&#8221;1_3&#8243; _builder_version=&#8221;4.16&#8243; custom_padding=&#8221;0px|0px|0px|0px&#8221; global_colors_info=&#8221;{}&#8221; custom_padding__hover=&#8221;|||&#8221;][et_pb_image src=&#8221;https:\/\/ser.cw\/wp-content\/uploads\/sites\/280\/2022\/07\/SER-gebouw-website-3-1.png&#8221; show_bottom_space=&#8221;off&#8221; align=&#8221;right&#8221; align_tablet=&#8221;center&#8221; align_phone=&#8221;&#8221; align_last_edited=&#8221;on|desktop&#8221; _builder_version=&#8221;4.16&#8243; custom_margin=&#8221;0px|0px|0px|0px&#8221; z_index_tablet=&#8221;500&#8243; box_shadow_horizontal_tablet=&#8221;0px&#8221; box_shadow_vertical_tablet=&#8221;0px&#8221; box_shadow_blur_tablet=&#8221;40px&#8221; box_shadow_spread_tablet=&#8221;0px&#8221; global_colors_info=&#8221;{}&#8221;][\/et_pb_image][\/et_pb_column][et_pb_column type=&#8221;1_3&#8243; _builder_version=&#8221;4.16&#8243; custom_padding=&#8221;30px|30px|0px|30px&#8221; global_colors_info=&#8221;{}&#8221; custom_padding__hover=&#8221;|||&#8221;][et_pb_text _builder_version=&#8221;4.16&#8243; text_font=&#8221;||||||||&#8221; global_colors_info=&#8221;{}&#8221;]<\/p>\n<h3>Sociaal Economische Raad<\/h3>\n<p>Ansinghstraat #17<br \/>Curacao<br \/>Tel: +5999 461 5406 \/ 5328<br \/>Email: info@ser.cw<\/p>\n<p>&nbsp;<\/p>\n<p>[\/et_pb_text][\/et_pb_column][\/et_pb_row][\/et_pb_section]<\/p>\n","protected":false},"excerpt":{"rendered":"<p>Promoshon di un Merkado Laboral Inklusivo na K\u00f2rsou: Eksplorando Aserkamentunan InovativoIntrodukshon Riba 31 di \u00f2ktober 2023, Konseho Sosial-Ekon\u00f3miko (SER) a organis\u00e1 un simposio ku a titul\u00e1 \u2018Promoshon di un Merkado Laboral Inklusivo na K\u00f2rsou: Eksplorando Aserkamentunan Inovativo\u2019, den koperashon ku Organisashon Internashonal di Trabou (ILO), Universidat di Korsou (UoC), Halto Komisariodo pa Refugiado di Nashonan [&hellip;]<\/p>\n","protected":false},"author":215,"featured_media":0,"parent":0,"menu_order":0,"comment_status":"closed","ping_status":"closed","template":"","meta":{"_et_pb_use_builder":"on","_et_pb_old_content":"","_et_gb_content_width":"","_links_to":"","_links_to_type":0,"footnotes":""},"class_list":["post-30037","page","type-page","status-publish","hentry"],"yoast_head":"<!-- This site is optimized with the Yoast SEO plugin v27.3 - https:\/\/yoast.com\/product\/yoast-seo-wordpress\/ -->\n<title>Simposio: Promoshon di un Merkado Laboral Inklusivo na K\u00f2rsou: Eksplorando Aserkamentunan Inovativo - Sociaal Economische Raad Cura\u00e7ao<\/title>\n<meta name=\"robots\" content=\"index, follow, max-snippet:-1, max-image-preview:large, max-video-preview:-1\" \/>\n<link rel=\"canonical\" href=\"https:\/\/ser.cw\/pap\/simposio-promoshon-di-un-merkado-laboral-inklusivo-na-korsou-eksplorando-aserkamentunan-inovativo\/\" \/>\n<meta property=\"og:locale\" content=\"en_US\" \/>\n<meta property=\"og:type\" content=\"article\" \/>\n<meta property=\"og:title\" content=\"Simposio: Promoshon di un Merkado Laboral Inklusivo na K\u00f2rsou: Eksplorando Aserkamentunan Inovativo - Sociaal Economische Raad Cura\u00e7ao\" \/>\n<meta property=\"og:description\" content=\"Promoshon di un Merkado Laboral Inklusivo na K\u00f2rsou: Eksplorando Aserkamentunan InovativoIntrodukshon Riba 31 di \u00f2ktober 2023, Konseho Sosial-Ekon\u00f3miko (SER) a organis\u00e1 un simposio ku a titul\u00e1 \u2018Promoshon di un Merkado Laboral Inklusivo na K\u00f2rsou: Eksplorando Aserkamentunan Inovativo\u2019, den koperashon ku Organisashon Internashonal di Trabou (ILO), Universidat di Korsou (UoC), Halto Komisariodo pa Refugiado di Nashonan [&hellip;]\" \/>\n<meta property=\"og:url\" content=\"https:\/\/ser.cw\/pap\/simposio-promoshon-di-un-merkado-laboral-inklusivo-na-korsou-eksplorando-aserkamentunan-inovativo\/\" \/>\n<meta property=\"og:site_name\" content=\"Sociaal Economische Raad Cura\u00e7ao\" \/>\n<meta property=\"article:modified_time\" content=\"2023-09-06T22:13:55+00:00\" \/>\n<meta property=\"og:image\" content=\"https:\/\/ser.cw\/wp-content\/uploads\/sites\/280\/2018\/01\/SER-logo-web.png\" \/>\n\t<meta property=\"og:image:width\" content=\"300\" \/>\n\t<meta property=\"og:image:height\" content=\"127\" \/>\n\t<meta property=\"og:image:type\" content=\"image\/png\" \/>\n<meta name=\"twitter:card\" content=\"summary_large_image\" \/>\n<meta name=\"twitter:label1\" content=\"Est. reading time\" \/>\n\t<meta name=\"twitter:data1\" content=\"3 minutes\" \/>\n<script type=\"application\/ld+json\" class=\"yoast-schema-graph\">{\"@context\":\"https:\\\/\\\/schema.org\",\"@graph\":[{\"@type\":\"WebPage\",\"@id\":\"https:\\\/\\\/ser.cw\\\/pap\\\/simposio-promoshon-di-un-merkado-laboral-inklusivo-na-korsou-eksplorando-aserkamentunan-inovativo\\\/\",\"url\":\"https:\\\/\\\/ser.cw\\\/pap\\\/simposio-promoshon-di-un-merkado-laboral-inklusivo-na-korsou-eksplorando-aserkamentunan-inovativo\\\/\",\"name\":\"Simposio: Promoshon di un Merkado Laboral Inklusivo na K\u00f2rsou: Eksplorando Aserkamentunan Inovativo - Sociaal Economische Raad Cura\u00e7ao\",\"isPartOf\":{\"@id\":\"https:\\\/\\\/ser.cw\\\/#website\"},\"datePublished\":\"2023-09-05T18:17:44+00:00\",\"dateModified\":\"2023-09-06T22:13:55+00:00\",\"breadcrumb\":{\"@id\":\"https:\\\/\\\/ser.cw\\\/pap\\\/simposio-promoshon-di-un-merkado-laboral-inklusivo-na-korsou-eksplorando-aserkamentunan-inovativo\\\/#breadcrumb\"},\"inLanguage\":\"pap-CW\",\"potentialAction\":[{\"@type\":\"ReadAction\",\"target\":[\"https:\\\/\\\/ser.cw\\\/pap\\\/simposio-promoshon-di-un-merkado-laboral-inklusivo-na-korsou-eksplorando-aserkamentunan-inovativo\\\/\"]}]},{\"@type\":\"BreadcrumbList\",\"@id\":\"https:\\\/\\\/ser.cw\\\/pap\\\/simposio-promoshon-di-un-merkado-laboral-inklusivo-na-korsou-eksplorando-aserkamentunan-inovativo\\\/#breadcrumb\",\"itemListElement\":[{\"@type\":\"ListItem\",\"position\":1,\"name\":\"Home\",\"item\":\"https:\\\/\\\/ser.cw\\\/pap\\\/\"},{\"@type\":\"ListItem\",\"position\":2,\"name\":\"Simposio: Promoshon di un Merkado Laboral Inklusivo na K\u00f2rsou: Eksplorando Aserkamentunan Inovativo\"}]},{\"@type\":\"WebSite\",\"@id\":\"https:\\\/\\\/ser.cw\\\/#website\",\"url\":\"https:\\\/\\\/ser.cw\\\/\",\"name\":\"Sociaal Economische Raad Cura\u00e7ao\",\"description\":\"adviesorgaan van de regering en het parlement van Cura\u00e7ao omtrent alle belangrijke onderwerpen van sociaal-economische aard\",\"potentialAction\":[{\"@type\":\"SearchAction\",\"target\":{\"@type\":\"EntryPoint\",\"urlTemplate\":\"https:\\\/\\\/ser.cw\\\/?s={search_term_string}\"},\"query-input\":{\"@type\":\"PropertyValueSpecification\",\"valueRequired\":true,\"valueName\":\"search_term_string\"}}],\"inLanguage\":\"pap-CW\"}]}<\/script>\n<!-- \/ Yoast SEO plugin. -->","yoast_head_json":{"title":"Simposio: Promoshon di un Merkado Laboral Inklusivo na K\u00f2rsou: Eksplorando Aserkamentunan Inovativo - Sociaal Economische Raad Cura\u00e7ao","robots":{"index":"index","follow":"follow","max-snippet":"max-snippet:-1","max-image-preview":"max-image-preview:large","max-video-preview":"max-video-preview:-1"},"canonical":"https:\/\/ser.cw\/pap\/simposio-promoshon-di-un-merkado-laboral-inklusivo-na-korsou-eksplorando-aserkamentunan-inovativo\/","og_locale":"en_US","og_type":"article","og_title":"Simposio: Promoshon di un Merkado Laboral Inklusivo na K\u00f2rsou: Eksplorando Aserkamentunan Inovativo - Sociaal Economische Raad Cura\u00e7ao","og_description":"Promoshon di un Merkado Laboral Inklusivo na K\u00f2rsou: Eksplorando Aserkamentunan InovativoIntrodukshon Riba 31 di \u00f2ktober 2023, Konseho Sosial-Ekon\u00f3miko (SER) a organis\u00e1 un simposio ku a titul\u00e1 \u2018Promoshon di un Merkado Laboral Inklusivo na K\u00f2rsou: Eksplorando Aserkamentunan Inovativo\u2019, den koperashon ku Organisashon Internashonal di Trabou (ILO), Universidat di Korsou (UoC), Halto Komisariodo pa Refugiado di Nashonan [&hellip;]","og_url":"https:\/\/ser.cw\/pap\/simposio-promoshon-di-un-merkado-laboral-inklusivo-na-korsou-eksplorando-aserkamentunan-inovativo\/","og_site_name":"Sociaal Economische Raad Cura\u00e7ao","article_modified_time":"2023-09-06T22:13:55+00:00","og_image":[{"width":300,"height":127,"url":"https:\/\/ser.cw\/wp-content\/uploads\/sites\/280\/2018\/01\/SER-logo-web.png","type":"image\/png"}],"twitter_card":"summary_large_image","twitter_misc":{"Est. reading time":"3 minutes"},"schema":{"@context":"https:\/\/schema.org","@graph":[{"@type":"WebPage","@id":"https:\/\/ser.cw\/pap\/simposio-promoshon-di-un-merkado-laboral-inklusivo-na-korsou-eksplorando-aserkamentunan-inovativo\/","url":"https:\/\/ser.cw\/pap\/simposio-promoshon-di-un-merkado-laboral-inklusivo-na-korsou-eksplorando-aserkamentunan-inovativo\/","name":"Simposio: Promoshon di un Merkado Laboral Inklusivo na K\u00f2rsou: Eksplorando Aserkamentunan Inovativo - Sociaal Economische Raad Cura\u00e7ao","isPartOf":{"@id":"https:\/\/ser.cw\/#website"},"datePublished":"2023-09-05T18:17:44+00:00","dateModified":"2023-09-06T22:13:55+00:00","breadcrumb":{"@id":"https:\/\/ser.cw\/pap\/simposio-promoshon-di-un-merkado-laboral-inklusivo-na-korsou-eksplorando-aserkamentunan-inovativo\/#breadcrumb"},"inLanguage":"pap-CW","potentialAction":[{"@type":"ReadAction","target":["https:\/\/ser.cw\/pap\/simposio-promoshon-di-un-merkado-laboral-inklusivo-na-korsou-eksplorando-aserkamentunan-inovativo\/"]}]},{"@type":"BreadcrumbList","@id":"https:\/\/ser.cw\/pap\/simposio-promoshon-di-un-merkado-laboral-inklusivo-na-korsou-eksplorando-aserkamentunan-inovativo\/#breadcrumb","itemListElement":[{"@type":"ListItem","position":1,"name":"Home","item":"https:\/\/ser.cw\/pap\/"},{"@type":"ListItem","position":2,"name":"Simposio: Promoshon di un Merkado Laboral Inklusivo na K\u00f2rsou: Eksplorando Aserkamentunan Inovativo"}]},{"@type":"WebSite","@id":"https:\/\/ser.cw\/#website","url":"https:\/\/ser.cw\/","name":"Sociaal Economische Raad Cura\u00e7ao","description":"adviesorgaan van de regering en het parlement van Cura\u00e7ao omtrent alle belangrijke onderwerpen van sociaal-economische aard","potentialAction":[{"@type":"SearchAction","target":{"@type":"EntryPoint","urlTemplate":"https:\/\/ser.cw\/?s={search_term_string}"},"query-input":{"@type":"PropertyValueSpecification","valueRequired":true,"valueName":"search_term_string"}}],"inLanguage":"pap-CW"}]}},"_links":{"self":[{"href":"https:\/\/ser.cw\/pap\/wp-json\/wp\/v2\/pages\/30037","targetHints":{"allow":["GET"]}}],"collection":[{"href":"https:\/\/ser.cw\/pap\/wp-json\/wp\/v2\/pages"}],"about":[{"href":"https:\/\/ser.cw\/pap\/wp-json\/wp\/v2\/types\/page"}],"author":[{"embeddable":true,"href":"https:\/\/ser.cw\/pap\/wp-json\/wp\/v2\/users\/215"}],"replies":[{"embeddable":true,"href":"https:\/\/ser.cw\/pap\/wp-json\/wp\/v2\/comments?post=30037"}],"version-history":[{"count":0,"href":"https:\/\/ser.cw\/pap\/wp-json\/wp\/v2\/pages\/30037\/revisions"}],"wp:attachment":[{"href":"https:\/\/ser.cw\/pap\/wp-json\/wp\/v2\/media?parent=30037"}],"curies":[{"name":"wp","href":"https:\/\/api.w.org\/{rel}","templated":true}]}}