{"id":3842,"date":"2019-04-15T16:19:49","date_gmt":"2019-04-15T20:19:49","guid":{"rendered":"https:\/\/ser.cw\/?page_id=3842"},"modified":"2023-05-03T18:40:08","modified_gmt":"2023-05-03T22:40:08","slug":"info_curacao_migratie","status":"publish","type":"page","link":"https:\/\/ser.cw\/es\/migration-symposium\/info_curacao_migratie\/","title":{"rendered":"info_curacao_migratie"},"content":{"rendered":"<p>[et_pb_section fb_built=\u00bb1&#8243; fullwidth=\u00bbon\u00bb _builder_version=\u00bb4.16&#8243; global_colors_info=\u00bb{}\u00bb][et_pb_fullwidth_slider _builder_version=\u00bb4.16&#8243; header_font_size=\u00bb91&#8243; custom_padding=\u00bb|||\u00bb saved_tabs=\u00bball\u00bb global_colors_info=\u00bb{}\u00bb button_text_size__hover_enabled=\u00bboff\u00bb button_text_size__hover=\u00bbnull\u00bb button_one_text_size__hover_enabled=\u00bboff\u00bb button_one_text_size__hover=\u00bbnull\u00bb button_two_text_size__hover_enabled=\u00bboff\u00bb button_two_text_size__hover=\u00bbnull\u00bb button_text_color__hover_enabled=\u00bboff\u00bb button_text_color__hover=\u00bbnull\u00bb button_one_text_color__hover_enabled=\u00bboff\u00bb button_one_text_color__hover=\u00bbnull\u00bb button_two_text_color__hover_enabled=\u00bboff\u00bb button_two_text_color__hover=\u00bbnull\u00bb button_border_width__hover_enabled=\u00bboff\u00bb button_border_width__hover=\u00bbnull\u00bb button_one_border_width__hover_enabled=\u00bboff\u00bb button_one_border_width__hover=\u00bbnull\u00bb button_two_border_width__hover_enabled=\u00bboff\u00bb button_two_border_width__hover=\u00bbnull\u00bb button_border_color__hover_enabled=\u00bboff\u00bb button_border_color__hover=\u00bbnull\u00bb button_one_border_color__hover_enabled=\u00bboff\u00bb button_one_border_color__hover=\u00bbnull\u00bb button_two_border_color__hover_enabled=\u00bboff\u00bb button_two_border_color__hover=\u00bbnull\u00bb button_border_radius__hover_enabled=\u00bboff\u00bb button_border_radius__hover=\u00bbnull\u00bb button_one_border_radius__hover_enabled=\u00bboff\u00bb button_one_border_radius__hover=\u00bbnull\u00bb button_two_border_radius__hover_enabled=\u00bboff\u00bb button_two_border_radius__hover=\u00bbnull\u00bb button_letter_spacing__hover_enabled=\u00bbon\u00bb button_letter_spacing__hover=\u00bb0&#8243; button_one_letter_spacing__hover_enabled=\u00bboff\u00bb button_one_letter_spacing__hover=\u00bbnull\u00bb button_two_letter_spacing__hover_enabled=\u00bboff\u00bb button_two_letter_spacing__hover=\u00bbnull\u00bb button_bg_color__hover_enabled=\u00bboff\u00bb button_bg_color__hover=\u00bbnull\u00bb button_one_bg_color__hover_enabled=\u00bboff\u00bb button_one_bg_color__hover=\u00bbnull\u00bb button_two_bg_color__hover_enabled=\u00bboff\u00bb button_two_bg_color__hover=\u00bbnull\u00bb][et_pb_slide use_bg_overlay=\u00bboff\u00bb use_text_overlay=\u00bboff\u00bb admin_title=\u00bbweb\u00bb _builder_version=\u00bb4.16&#8243; header_font=\u00bb||||\u00bb header_text_align=\u00bbcenter\u00bb header_font_size=\u00bb50&#8243; body_font=\u00bb||||\u00bb background_color=\u00bb#ffffff\u00bb background_image=\u00bbhttps:\/\/ser.cw\/wp-content\/uploads\/sites\/280\/2019\/04\/header1.jpg\u00bb background_position=\u00bbtop_center\u00bb button_on_hover=\u00bbon\u00bb header_font_size_tablet=\u00bb44&#8243; header_font_size_phone=\u00bb44&#8243; global_colors_info=\u00bb{}\u00bb sticky_transition=\u00bbon\u00bb][\/et_pb_slide][\/et_pb_fullwidth_slider][\/et_pb_section][et_pb_section fb_built=\u00bb1&#8243; _builder_version=\u00bb4.16&#8243; background_color=\u00bbrgba(255,255,255,0)\u00bb custom_padding=\u00bb0px|0px|0px|0px\u00bb transparent_background=\u00bbon\u00bb global_colors_info=\u00bb{}\u00bb][et_pb_row column_structure=\u00bb2_3,1_3&#8243; use_custom_gutter=\u00bbon\u00bb gutter_width=\u00bb1&#8243; _builder_version=\u00bb4.16&#8243; global_colors_info=\u00bb{}\u00bb][et_pb_column type=\u00bb2_3&#8243; _builder_version=\u00bb4.16&#8243; custom_padding=\u00bb|||\u00bb global_colors_info=\u00bb{}\u00bb custom_padding__hover=\u00bb|||\u00bb][et_pb_text _builder_version=\u00bb4.16&#8243; background_color=\u00bb#8300e9&#8243; custom_padding=\u00bb15px|30px|3px|30px\u00bb global_colors_info=\u00bb{}\u00bb]<\/p>\n<h5><span style=\"color: #ffffff\">MIGRATION AND SOCIOECONOMIC DEVELOPMENT POLICY CHALLENGES AND OPTIONS<\/span><\/h5>\n<p>[\/et_pb_text][\/et_pb_column][et_pb_column type=\u00bb1_3&#8243; _builder_version=\u00bb4.16&#8243; custom_padding=\u00bb|||\u00bb global_colors_info=\u00bb{}\u00bb custom_padding__hover=\u00bb|||\u00bb][\/et_pb_column][\/et_pb_row][\/et_pb_section][et_pb_section fb_built=\u00bb1&#8243; _builder_version=\u00bb4.16&#8243; background_color=\u00bb#d1f0ff\u00bb custom_padding=\u00bb0px|0px|0px|0px\u00bb global_colors_info=\u00bb{}\u00bb][et_pb_row column_structure=\u00bb2_3,1_3&#8243; use_custom_gutter=\u00bbon\u00bb gutter_width=\u00bb1&#8243; make_equal=\u00bbon\u00bb _builder_version=\u00bb4.16&#8243; global_colors_info=\u00bb{}\u00bb][et_pb_column type=\u00bb2_3&#8243; _builder_version=\u00bb4.16&#8243; background_color=\u00bb#fcfeff\u00bb custom_padding=\u00bb30px|30px|0px|30px\u00bb global_colors_info=\u00bb{}\u00bb custom_padding__hover=\u00bb|||\u00bb][et_pb_text _builder_version=\u00bb4.16&#8243; background_color=\u00bbrgba(219,232,39,0.68)\u00bb custom_margin=\u00bb-30px|-30px||-30px\u00bb custom_padding=\u00bb15px|30px|3px|30px\u00bb global_colors_info=\u00bb{}\u00bb]<\/p>\n<h3>INFO CURA\u00c7AO<\/h3>\n<p>[\/et_pb_text][et_pb_text _builder_version=\u00bb4.16&#8243; custom_padding=\u00bb30px|||\u00bb global_colors_info=\u00bb{}\u00bb]<\/p>\n<h2 class=\"p1\"><a href=\"https:\/\/ser.cw\/wp-content\/uploads\/sites\/280\/2019\/02\/500_floatingbridge.jpg\" data-rel=\"lightbox-gallery-TKB0NM96\" data-rl_title=\"\" data-rl_caption=\"\" title=\"\"><img loading=\"lazy\" decoding=\"async\" class=\"alignright wp-image-2618\" src=\"https:\/\/ser.cw\/wp-content\/uploads\/sites\/280\/2019\/02\/500_floatingbridge.jpg\" alt=\"\" width=\"259\" height=\"172\" srcset=\"https:\/\/ser.cw\/wp-content\/uploads\/sites\/280\/2019\/02\/500_floatingbridge.jpg 500w, https:\/\/ser.cw\/wp-content\/uploads\/sites\/280\/2019\/02\/500_floatingbridge-300x199.jpg 300w\" sizes=\"(max-width: 259px) 100vw, 259px\" \/><\/a>Cura\u00e7ao<\/h2>\n<p><a href=\"https:\/\/www.curacao.com\/en\/\" target=\"_blank\" rel=\"noopener noreferrer\">More info about Cura\u00e7ao from the Cura\u00e7ao Tourism Bureau<\/a><\/p>\n<h2 class=\"p1\">Location<\/h2>\n<p class=\"p1\">Avila Beach Hotel Cura\u00e7ao<br \/>Penstraat 130, Willemstad, Cura\u00e7ao<\/p>\n<p>[\/et_pb_text][et_pb_text _builder_version=\u00bb4.16&#8243; global_colors_info=\u00bb{}\u00bb]<\/p>\n<p>&nbsp;<\/p>\n<p><iframe loading=\"lazy\" src=\"https:\/\/www.google.com\/maps\/embed?pb=!1m18!1m12!1m3!1d3901.1700050061554!2d-68.92401528522348!3d12.100511491431597!2m3!1f0!2f0!3f0!3m2!1i1024!2i768!4f13.1!3m3!1m2!1s0x8e848263064ea02d%3A0x1a91932d54decaaa!2sAvila+Beach+Hotel!5e0!3m2!1sen!2s!4v1555440788648!5m2!1sen!2s\" width=\"600\" height=\"450\" frameborder=\"0\" style=\"border:0\" allowfullscreen><\/iframe><\/p>\n<p>&nbsp;<\/p>\n<p>[\/et_pb_text][\/et_pb_column][et_pb_column type=\u00bb1_3&#8243; _builder_version=\u00bb4.16&#8243; background_color=\u00bb#f4fbff\u00bb custom_padding=\u00bb30px|30px|30px|30px\u00bb global_colors_info=\u00bb{}\u00bb custom_padding__hover=\u00bb|||\u00bb][et_pb_sidebar area=\u00bbet_pb_widget_area_4&#8243; _builder_version=\u00bb4.19.5&#8243; hover_enabled=\u00bb0&#8243; global_colors_info=\u00bb{}\u00bb sticky_enabled=\u00bb0&#8243; locked=\u00bboff\u00bb]<br \/>\n[\/et_pb_sidebar][\/et_pb_column][\/et_pb_row][\/et_pb_section][et_pb_section fb_built=\u00bb1&#8243; module_class=\u00bbcontact-footer\u00bb _builder_version=\u00bb4.19.4&#8243; _module_preset=\u00bbdefault\u00bb saved_tabs=\u00bball\u00bb locked=\u00bboff\u00bb global_colors_info=\u00bb{}\u00bb][et_pb_row column_structure=\u00bb1_3,1_3,1_3&#8243; use_custom_gutter=\u00bbon\u00bb make_equal=\u00bbon\u00bb _builder_version=\u00bb4.16&#8243; background_color=\u00bb#73d2ff\u00bb width_phone=\u00bb50px\u00bb max_width_phone=\u00bb1280px\u00bb custom_margin=\u00bb0px||0px|\u00bb custom_padding=\u00bb0px|0px|0px|0px\u00bb z_index_tablet=\u00bb500&#8243; box_shadow_horizontal_tablet=\u00bb0px\u00bb box_shadow_vertical_tablet=\u00bb0px\u00bb box_shadow_blur_tablet=\u00bb40px\u00bb box_shadow_spread_tablet=\u00bb0px\u00bb global_colors_info=\u00bb{}\u00bb][et_pb_column type=\u00bb1_3&#8243; _builder_version=\u00bb4.16&#8243; custom_padding=\u00bb30px|30px|30px|30px\u00bb global_colors_info=\u00bb{}\u00bb custom_padding__hover=\u00bb|||\u00bb][et_pb_text admin_label=\u00bbLinks\u00bb _builder_version=\u00bb4.16&#8243; text_font=\u00bb||||||||\u00bb text_font_size=\u00bb20px\u00bb ul_font=\u00bb||||||||\u00bb header_font=\u00bb||||||||\u00bb border_style=\u00bbsolid\u00bb text_text_align=\u00bbleft\u00bb global_colors_info=\u00bb{}\u00bb]<\/p>\n<h3 style=\"text-align: left\">Meer informatie<\/h3>\n<ul>\n<li style=\"text-align: left\"><a href=\"https:\/\/ser.cw\/ser-in-het-kort\/wat-doet-de-ser\/\">Wat doet de SER?<\/a><\/li>\n<li style=\"text-align: left\"><a href=\"\/onze-werkwijze\/wettelijke-regelingen\/\">Wettelijke regelingen<\/a><\/li>\n<li style=\"text-align: left\"><a href=\"https:\/\/ser.cw\/documenten\/jaarverslagen\/\">Jaarverslagen<\/a><\/li>\n<\/ul>\n<p>[\/et_pb_text][\/et_pb_column][et_pb_column type=\u00bb1_3&#8243; _builder_version=\u00bb4.16&#8243; custom_padding=\u00bb0px|0px|0px|0px\u00bb global_colors_info=\u00bb{}\u00bb custom_padding__hover=\u00bb|||\u00bb][et_pb_image src=\u00bbhttps:\/\/ser.cw\/wp-content\/uploads\/sites\/280\/2022\/07\/SER-gebouw-website-3-1.png\u00bb show_bottom_space=\u00bboff\u00bb align=\u00bbright\u00bb align_tablet=\u00bbcenter\u00bb align_phone=\u00bb\u00bb align_last_edited=\u00bbon|desktop\u00bb _builder_version=\u00bb4.16&#8243; custom_margin=\u00bb0px|0px|0px|0px\u00bb z_index_tablet=\u00bb500&#8243; box_shadow_horizontal_tablet=\u00bb0px\u00bb box_shadow_vertical_tablet=\u00bb0px\u00bb box_shadow_blur_tablet=\u00bb40px\u00bb box_shadow_spread_tablet=\u00bb0px\u00bb global_colors_info=\u00bb{}\u00bb][\/et_pb_image][\/et_pb_column][et_pb_column type=\u00bb1_3&#8243; _builder_version=\u00bb4.16&#8243; custom_padding=\u00bb30px|30px|0px|30px\u00bb global_colors_info=\u00bb{}\u00bb custom_padding__hover=\u00bb|||\u00bb][et_pb_text _builder_version=\u00bb4.16&#8243; text_font=\u00bb||||||||\u00bb global_colors_info=\u00bb{}\u00bb]<\/p>\n<h3>Sociaal Economische Raad<\/h3>\n<p>Ansinghstraat #17<br \/>Curacao<br \/>Tel: +5999 461 5406 \/ 5328<br \/>Email: info@ser.cw<\/p>\n<p>&nbsp;<\/p>\n<p>[\/et_pb_text][\/et_pb_column][\/et_pb_row][\/et_pb_section]<\/p>\n","protected":false},"excerpt":{"rendered":"<p>MIGRATION AND SOCIOECONOMIC DEVELOPMENT POLICY CHALLENGES AND OPTIONS INFO CURA\u00c7AO Cura\u00e7ao More info about Cura\u00e7ao from the Cura\u00e7ao Tourism Bureau Location Avila Beach Hotel Cura\u00e7aoPenstraat 130, Willemstad, Cura\u00e7ao &nbsp; %CODEmapavila% &nbsp; Meer informatie Wat doet de SER? Wettelijke regelingen Jaarverslagen Sociaal Economische Raad Ansinghstraat #17CuracaoTel: +5999 461 5406 \/ 5328Email: info@ser.cw &nbsp;<\/p>\n","protected":false},"author":110,"featured_media":0,"parent":3774,"menu_order":0,"comment_status":"closed","ping_status":"closed","template":"","meta":{"_et_pb_use_builder":"on","_et_pb_old_content":"","_et_gb_content_width":"","_links_to":"","_links_to_type":0,"footnotes":""},"class_list":["post-3842","page","type-page","status-publish","hentry"],"yoast_head":"<!-- This site is optimized with the Yoast SEO plugin v27.3 - https:\/\/yoast.com\/product\/yoast-seo-wordpress\/ -->\n<title>info_curacao_migratie - Sociaal Economische Raad Cura\u00e7ao<\/title>\n<meta name=\"robots\" content=\"index, follow, max-snippet:-1, max-image-preview:large, max-video-preview:-1\" \/>\n<link rel=\"canonical\" href=\"https:\/\/ser.cw\/migration-symposium\/info_curacao_migratie\/\" \/>\n<meta property=\"og:locale\" content=\"es_ES\" \/>\n<meta property=\"og:type\" content=\"article\" \/>\n<meta property=\"og:title\" content=\"info_curacao_migratie - Sociaal Economische Raad Cura\u00e7ao\" \/>\n<meta property=\"og:description\" content=\"MIGRATION AND SOCIOECONOMIC DEVELOPMENT POLICY CHALLENGES AND OPTIONS INFO CURA\u00c7AO Cura\u00e7ao More info about Cura\u00e7ao from the Cura\u00e7ao Tourism Bureau Location Avila Beach Hotel Cura\u00e7aoPenstraat 130, Willemstad, Cura\u00e7ao &nbsp; %CODEmapavila% &nbsp; Meer informatie Wat doet de SER? Wettelijke regelingen Jaarverslagen Sociaal Economische Raad Ansinghstraat #17CuracaoTel: +5999 461 5406 \/ 5328Email: info@ser.cw &nbsp;\" \/>\n<meta property=\"og:url\" content=\"https:\/\/ser.cw\/migration-symposium\/info_curacao_migratie\/\" \/>\n<meta property=\"og:site_name\" content=\"Sociaal Economische Raad Cura\u00e7ao\" \/>\n<meta property=\"article:modified_time\" content=\"2023-05-03T22:40:08+00:00\" \/>\n<meta property=\"og:image\" content=\"https:\/\/ser.cw\/wp-content\/uploads\/sites\/280\/2019\/02\/500_floatingbridge.jpg\" \/>\n<meta name=\"twitter:card\" content=\"summary_large_image\" \/>\n<meta name=\"twitter:label1\" content=\"Tiempo de lectura\" \/>\n\t<meta name=\"twitter:data1\" content=\"5 minutos\" \/>\n<script type=\"application\/ld+json\" class=\"yoast-schema-graph\">{\"@context\":\"https:\\\/\\\/schema.org\",\"@graph\":[{\"@type\":\"WebPage\",\"@id\":\"https:\\\/\\\/ser.cw\\\/migration-symposium\\\/info_curacao_migratie\\\/\",\"url\":\"https:\\\/\\\/ser.cw\\\/migration-symposium\\\/info_curacao_migratie\\\/\",\"name\":\"info_curacao_migratie - Sociaal Economische Raad Cura\u00e7ao\",\"isPartOf\":{\"@id\":\"https:\\\/\\\/ser.cw\\\/#website\"},\"primaryImageOfPage\":{\"@id\":\"https:\\\/\\\/ser.cw\\\/migration-symposium\\\/info_curacao_migratie\\\/#primaryimage\"},\"image\":{\"@id\":\"https:\\\/\\\/ser.cw\\\/migration-symposium\\\/info_curacao_migratie\\\/#primaryimage\"},\"thumbnailUrl\":\"https:\\\/\\\/ser.cw\\\/wp-content\\\/uploads\\\/sites\\\/280\\\/2019\\\/02\\\/500_floatingbridge.jpg\",\"datePublished\":\"2019-04-15T20:19:49+00:00\",\"dateModified\":\"2023-05-03T22:40:08+00:00\",\"breadcrumb\":{\"@id\":\"https:\\\/\\\/ser.cw\\\/migration-symposium\\\/info_curacao_migratie\\\/#breadcrumb\"},\"inLanguage\":\"es\",\"potentialAction\":[{\"@type\":\"ReadAction\",\"target\":[\"https:\\\/\\\/ser.cw\\\/migration-symposium\\\/info_curacao_migratie\\\/\"]}]},{\"@type\":\"ImageObject\",\"inLanguage\":\"es\",\"@id\":\"https:\\\/\\\/ser.cw\\\/migration-symposium\\\/info_curacao_migratie\\\/#primaryimage\",\"url\":\"https:\\\/\\\/ser.cw\\\/wp-content\\\/uploads\\\/sites\\\/280\\\/2019\\\/02\\\/500_floatingbridge.jpg\",\"contentUrl\":\"https:\\\/\\\/ser.cw\\\/wp-content\\\/uploads\\\/sites\\\/280\\\/2019\\\/02\\\/500_floatingbridge.jpg\"},{\"@type\":\"BreadcrumbList\",\"@id\":\"https:\\\/\\\/ser.cw\\\/migration-symposium\\\/info_curacao_migratie\\\/#breadcrumb\",\"itemListElement\":[{\"@type\":\"ListItem\",\"position\":1,\"name\":\"Home\",\"item\":\"https:\\\/\\\/ser.cw\\\/es\\\/\"},{\"@type\":\"ListItem\",\"position\":2,\"name\":\"MIGRATION SYMPOSIUM\",\"item\":\"https:\\\/\\\/ser.cw\\\/migration-symposium\\\/\"},{\"@type\":\"ListItem\",\"position\":3,\"name\":\"info_curacao_migratie\"}]},{\"@type\":\"WebSite\",\"@id\":\"https:\\\/\\\/ser.cw\\\/#website\",\"url\":\"https:\\\/\\\/ser.cw\\\/\",\"name\":\"Sociaal Economische Raad Cura\u00e7ao\",\"description\":\"adviesorgaan van de regering en het parlement van Cura\u00e7ao omtrent alle belangrijke onderwerpen van sociaal-economische aard\",\"potentialAction\":[{\"@type\":\"SearchAction\",\"target\":{\"@type\":\"EntryPoint\",\"urlTemplate\":\"https:\\\/\\\/ser.cw\\\/?s={search_term_string}\"},\"query-input\":{\"@type\":\"PropertyValueSpecification\",\"valueRequired\":true,\"valueName\":\"search_term_string\"}}],\"inLanguage\":\"es\"}]}<\/script>\n<!-- \/ Yoast SEO plugin. -->","yoast_head_json":{"title":"info_curacao_migratie - Sociaal Economische Raad Cura\u00e7ao","robots":{"index":"index","follow":"follow","max-snippet":"max-snippet:-1","max-image-preview":"max-image-preview:large","max-video-preview":"max-video-preview:-1"},"canonical":"https:\/\/ser.cw\/migration-symposium\/info_curacao_migratie\/","og_locale":"es_ES","og_type":"article","og_title":"info_curacao_migratie - Sociaal Economische Raad Cura\u00e7ao","og_description":"MIGRATION AND SOCIOECONOMIC DEVELOPMENT POLICY CHALLENGES AND OPTIONS INFO CURA\u00c7AO Cura\u00e7ao More info about Cura\u00e7ao from the Cura\u00e7ao Tourism Bureau Location Avila Beach Hotel Cura\u00e7aoPenstraat 130, Willemstad, Cura\u00e7ao &nbsp; %CODEmapavila% &nbsp; Meer informatie Wat doet de SER? Wettelijke regelingen Jaarverslagen Sociaal Economische Raad Ansinghstraat #17CuracaoTel: +5999 461 5406 \/ 5328Email: info@ser.cw &nbsp;","og_url":"https:\/\/ser.cw\/migration-symposium\/info_curacao_migratie\/","og_site_name":"Sociaal Economische Raad Cura\u00e7ao","article_modified_time":"2023-05-03T22:40:08+00:00","og_image":[{"url":"https:\/\/ser.cw\/wp-content\/uploads\/sites\/280\/2019\/02\/500_floatingbridge.jpg","type":"","width":"","height":""}],"twitter_card":"summary_large_image","twitter_misc":{"Tiempo de lectura":"5 minutos"},"schema":{"@context":"https:\/\/schema.org","@graph":[{"@type":"WebPage","@id":"https:\/\/ser.cw\/migration-symposium\/info_curacao_migratie\/","url":"https:\/\/ser.cw\/migration-symposium\/info_curacao_migratie\/","name":"info_curacao_migratie - Sociaal Economische Raad Cura\u00e7ao","isPartOf":{"@id":"https:\/\/ser.cw\/#website"},"primaryImageOfPage":{"@id":"https:\/\/ser.cw\/migration-symposium\/info_curacao_migratie\/#primaryimage"},"image":{"@id":"https:\/\/ser.cw\/migration-symposium\/info_curacao_migratie\/#primaryimage"},"thumbnailUrl":"https:\/\/ser.cw\/wp-content\/uploads\/sites\/280\/2019\/02\/500_floatingbridge.jpg","datePublished":"2019-04-15T20:19:49+00:00","dateModified":"2023-05-03T22:40:08+00:00","breadcrumb":{"@id":"https:\/\/ser.cw\/migration-symposium\/info_curacao_migratie\/#breadcrumb"},"inLanguage":"es","potentialAction":[{"@type":"ReadAction","target":["https:\/\/ser.cw\/migration-symposium\/info_curacao_migratie\/"]}]},{"@type":"ImageObject","inLanguage":"es","@id":"https:\/\/ser.cw\/migration-symposium\/info_curacao_migratie\/#primaryimage","url":"https:\/\/ser.cw\/wp-content\/uploads\/sites\/280\/2019\/02\/500_floatingbridge.jpg","contentUrl":"https:\/\/ser.cw\/wp-content\/uploads\/sites\/280\/2019\/02\/500_floatingbridge.jpg"},{"@type":"BreadcrumbList","@id":"https:\/\/ser.cw\/migration-symposium\/info_curacao_migratie\/#breadcrumb","itemListElement":[{"@type":"ListItem","position":1,"name":"Home","item":"https:\/\/ser.cw\/es\/"},{"@type":"ListItem","position":2,"name":"MIGRATION SYMPOSIUM","item":"https:\/\/ser.cw\/migration-symposium\/"},{"@type":"ListItem","position":3,"name":"info_curacao_migratie"}]},{"@type":"WebSite","@id":"https:\/\/ser.cw\/#website","url":"https:\/\/ser.cw\/","name":"Sociaal Economische Raad Cura\u00e7ao","description":"adviesorgaan van de regering en het parlement van Cura\u00e7ao omtrent alle belangrijke onderwerpen van sociaal-economische aard","potentialAction":[{"@type":"SearchAction","target":{"@type":"EntryPoint","urlTemplate":"https:\/\/ser.cw\/?s={search_term_string}"},"query-input":{"@type":"PropertyValueSpecification","valueRequired":true,"valueName":"search_term_string"}}],"inLanguage":"es"}]}},"_links":{"self":[{"href":"https:\/\/ser.cw\/es\/wp-json\/wp\/v2\/pages\/3842","targetHints":{"allow":["GET"]}}],"collection":[{"href":"https:\/\/ser.cw\/es\/wp-json\/wp\/v2\/pages"}],"about":[{"href":"https:\/\/ser.cw\/es\/wp-json\/wp\/v2\/types\/page"}],"author":[{"embeddable":true,"href":"https:\/\/ser.cw\/es\/wp-json\/wp\/v2\/users\/110"}],"replies":[{"embeddable":true,"href":"https:\/\/ser.cw\/es\/wp-json\/wp\/v2\/comments?post=3842"}],"version-history":[{"count":0,"href":"https:\/\/ser.cw\/es\/wp-json\/wp\/v2\/pages\/3842\/revisions"}],"up":[{"embeddable":true,"href":"https:\/\/ser.cw\/es\/wp-json\/wp\/v2\/pages\/3774"}],"wp:attachment":[{"href":"https:\/\/ser.cw\/es\/wp-json\/wp\/v2\/media?parent=3842"}],"curies":[{"name":"wp","href":"https:\/\/api.w.org\/{rel}","templated":true}]}}