{"id":3668,"date":"2019-03-14T15:58:05","date_gmt":"2019-03-14T19:58:05","guid":{"rendered":"https:\/\/ser.cw\/?page_id=3668"},"modified":"2025-03-11T16:35:36","modified_gmt":"2025-03-11T20:35:36","slug":"ppt","status":"publish","type":"page","link":"https:\/\/ser.cw\/es\/aicesisv2\/ppt\/","title":{"rendered":"PowerPoint Presentations"},"content":{"rendered":"<p>[et_pb_section fb_built=\u00bb1&#8243; fullwidth=\u00bbon\u00bb _builder_version=\u00bb4.16&#8243; global_colors_info=\u00bb{}\u00bb][et_pb_fullwidth_slider _builder_version=\u00bb4.16&#8243; header_font_size=\u00bb91&#8243; custom_padding=\u00bb|||\u00bb saved_tabs=\u00bball\u00bb global_colors_info=\u00bb{}\u00bb button_text_size__hover_enabled=\u00bboff\u00bb button_text_size__hover=\u00bbnull\u00bb button_one_text_size__hover_enabled=\u00bboff\u00bb button_one_text_size__hover=\u00bbnull\u00bb button_two_text_size__hover_enabled=\u00bboff\u00bb button_two_text_size__hover=\u00bbnull\u00bb button_text_color__hover_enabled=\u00bboff\u00bb button_text_color__hover=\u00bbnull\u00bb button_one_text_color__hover_enabled=\u00bboff\u00bb button_one_text_color__hover=\u00bbnull\u00bb button_two_text_color__hover_enabled=\u00bboff\u00bb button_two_text_color__hover=\u00bbnull\u00bb button_border_width__hover_enabled=\u00bboff\u00bb button_border_width__hover=\u00bbnull\u00bb button_one_border_width__hover_enabled=\u00bboff\u00bb button_one_border_width__hover=\u00bbnull\u00bb button_two_border_width__hover_enabled=\u00bboff\u00bb button_two_border_width__hover=\u00bbnull\u00bb button_border_color__hover_enabled=\u00bboff\u00bb button_border_color__hover=\u00bbnull\u00bb button_one_border_color__hover_enabled=\u00bboff\u00bb button_one_border_color__hover=\u00bbnull\u00bb button_two_border_color__hover_enabled=\u00bboff\u00bb button_two_border_color__hover=\u00bbnull\u00bb button_border_radius__hover_enabled=\u00bboff\u00bb button_border_radius__hover=\u00bbnull\u00bb button_one_border_radius__hover_enabled=\u00bboff\u00bb button_one_border_radius__hover=\u00bbnull\u00bb button_two_border_radius__hover_enabled=\u00bboff\u00bb button_two_border_radius__hover=\u00bbnull\u00bb button_letter_spacing__hover_enabled=\u00bbon\u00bb button_letter_spacing__hover=\u00bb0&#8243; button_one_letter_spacing__hover_enabled=\u00bboff\u00bb button_one_letter_spacing__hover=\u00bbnull\u00bb button_two_letter_spacing__hover_enabled=\u00bboff\u00bb button_two_letter_spacing__hover=\u00bbnull\u00bb button_bg_color__hover_enabled=\u00bboff\u00bb button_bg_color__hover=\u00bbnull\u00bb button_one_bg_color__hover_enabled=\u00bboff\u00bb button_one_bg_color__hover=\u00bbnull\u00bb button_two_bg_color__hover_enabled=\u00bboff\u00bb button_two_bg_color__hover=\u00bbnull\u00bb][et_pb_slide use_bg_overlay=\u00bboff\u00bb use_text_overlay=\u00bboff\u00bb admin_title=\u00bbweb\u00bb _builder_version=\u00bb4.16&#8243; header_font=\u00bb||||\u00bb header_text_align=\u00bbcenter\u00bb header_font_size=\u00bb50&#8243; body_font=\u00bb||||\u00bb background_color=\u00bb#ffffff\u00bb background_image=\u00bbhttps:\/\/ser.cw\/wp-content\/uploads\/sites\/280\/2019\/02\/banner-airport.jpg\u00bb background_position=\u00bbtop_center\u00bb button_on_hover=\u00bbon\u00bb header_font_size_tablet=\u00bb44&#8243; header_font_size_phone=\u00bb44&#8243; global_colors_info=\u00bb{}\u00bb sticky_transition=\u00bbon\u00bb][\/et_pb_slide][\/et_pb_fullwidth_slider][\/et_pb_section][et_pb_section fb_built=\u00bb1&#8243; _builder_version=\u00bb4.16&#8243; background_color=\u00bbrgba(255,255,255,0)\u00bb custom_padding=\u00bb0px|0px|0px|0px\u00bb transparent_background=\u00bbon\u00bb global_colors_info=\u00bb{}\u00bb][et_pb_row column_structure=\u00bb2_3,1_3&#8243; use_custom_gutter=\u00bbon\u00bb gutter_width=\u00bb1&#8243; _builder_version=\u00bb4.16&#8243; global_colors_info=\u00bb{}\u00bb][et_pb_column type=\u00bb2_3&#8243; _builder_version=\u00bb4.16&#8243; custom_padding=\u00bb|||\u00bb global_colors_info=\u00bb{}\u00bb custom_padding__hover=\u00bb|||\u00bb][et_pb_text _builder_version=\u00bb4.16&#8243; background_color=\u00bbrgba(33,196,161,0.56)\u00bb custom_padding=\u00bb15px|30px|3px|30px\u00bb global_colors_info=\u00bb{}\u00bb]<\/p>\n<h4><span style=\"color: #ffffff\">THE DIGITAL REVOLUTION AND ITS IMPACT ON THE FUTURE OF MANKIND<\/span><\/h4>\n<p>[\/et_pb_text][\/et_pb_column][et_pb_column type=\u00bb1_3&#8243; _builder_version=\u00bb4.16&#8243; custom_padding=\u00bb|||\u00bb global_colors_info=\u00bb{}\u00bb custom_padding__hover=\u00bb|||\u00bb][\/et_pb_column][\/et_pb_row][\/et_pb_section][et_pb_section fb_built=\u00bb1&#8243; _builder_version=\u00bb4.16&#8243; background_color=\u00bb#d1f0ff\u00bb custom_padding=\u00bb0px|0px|0px|0px\u00bb global_colors_info=\u00bb{}\u00bb][et_pb_row column_structure=\u00bb2_3,1_3&#8243; use_custom_gutter=\u00bbon\u00bb gutter_width=\u00bb1&#8243; make_equal=\u00bbon\u00bb _builder_version=\u00bb4.16&#8243; global_colors_info=\u00bb{}\u00bb][et_pb_column type=\u00bb2_3&#8243; _builder_version=\u00bb4.16&#8243; background_color=\u00bb#fcfeff\u00bb custom_padding=\u00bb30px|30px|0px|30px\u00bb global_colors_info=\u00bb{}\u00bb custom_padding__hover=\u00bb|||\u00bb][et_pb_text _builder_version=\u00bb4.27.4&#8243; background_color=\u00bbrgba(33,196,161,0.68)\u00bb custom_margin=\u00bb-30px|-30px||-30px\u00bb custom_padding=\u00bb15px|30px|3px|30px\u00bb global_colors_info=\u00bb{}\u00bb]<\/p>\n<h3>POWERPOINT PRESENTATIONS, SPEECHES AND OTHER DOCUMENTS<\/h3>\n<p>[\/et_pb_text][et_pb_text admin_label=\u00bbPlaatst uw PPT hier\u00bb _builder_version=\u00bb4.16&#8243; global_colors_info=\u00bb{}\u00bb]<\/p>\n<h3><span style=\"color: #0000ff\">March 7, 2019<\/span><\/h3>\n<p><a href=\"https:\/\/ser.cw\/wp-content\/uploads\/sites\/280\/2019\/03\/20190307-Speech-MP-AICESIS.pdf\" target=\"_blank\" rel=\"noopener noreferrer\">Speech Prime Minister of Cura\u00e7ao H.E. Eugene Rhuggenaath<\/a><br \/><a href=\"https:\/\/ser.cw\/wp-content\/uploads\/sites\/280\/2019\/03\/06032019-SPEECH-JACOBS-VERSIE-2-002-2.pdf\" target=\"_blank\" rel=\"noopener noreferrer\">Speech Mr. Jacobs, Acting President of the Economic and Social Council of Cura\u00e7ao<\/a><br \/><a href=\"https:\/\/ser.cw\/wp-content\/uploads\/sites\/280\/2019\/03\/190304-Asia-Social-Dialogue-Forum-2019-FV.pdf\" target=\"_blank\" rel=\"noopener noreferrer\">Asia Social Dialogue Forum 2019-FV<\/a><br \/><a href=\"https:\/\/ser.cw\/wp-content\/uploads\/sites\/280\/2019\/03\/ENG_PRESEN_Comunic.pdf\" target=\"_blank\" rel=\"noopener noreferrer\">AICESIS Communication Policy<\/a><br \/><a href=\"https:\/\/ser.cw\/wp-content\/uploads\/sites\/280\/2019\/03\/FR_PRESEN_Comunicac.pdf\" target=\"_blank\" rel=\"noopener noreferrer\">Politique de Communication de L&#8217;AICESIS<\/a><br \/><a href=\"https:\/\/ser.cw\/wp-content\/uploads\/sites\/280\/2019\/03\/PRESEN_Comunicac.pdf\" target=\"_blank\" rel=\"noopener noreferrer\">Pol\u00edtica de Comunicaci\u00f3n de AICESIS<\/a><br \/><a href=\"https:\/\/ser.cw\/wp-content\/uploads\/sites\/280\/2019\/03\/PRESENTACION.pdf\" target=\"_blank\" rel=\"noopener noreferrer\">Taller de Intercambio de Experiencias \/ Sociedad Digital<\/a><br \/><a href=\"https:\/\/ser.cw\/wp-content\/uploads\/sites\/280\/2019\/03\/PRESENTATION_EN.pdf\" target=\"_blank\" rel=\"noopener noreferrer\">Workshop of Exchange of Experiences \/ Digital Society<\/a><br \/><a href=\"https:\/\/ser.cw\/wp-content\/uploads\/sites\/280\/2019\/03\/PRESENTACION.pdf\" target=\"_blank\" rel=\"noopener noreferrer\">Atelier d&#8217;\u00c9change d&#8217;Exp\u00e9riences \/ Soci\u00e9t\u00e9 Num\u00e9rique<\/a><\/p>\n<h3>\u00a0<\/h3>\n<h3><span style=\"color: #0000ff\">March 8, 2019<\/span><\/h3>\n<p><a href=\"https:\/\/ser.cw\/wp-content\/uploads\/sites\/280\/2019\/03\/AICESIS-digital.pdf\" target=\"_blank\" rel=\"noopener noreferrer\">AICESIS Digital<\/a><br \/><a href=\"https:\/\/ser.cw\/wp-content\/uploads\/sites\/280\/2019\/03\/Contribution-Guin\u00e9e.-CES-Atelier-Cura\u00e7ao-mars-2019-vf-20.02.19asreadbyIvoryCoast.pdf\" target=\"_blank\" rel=\"noopener noreferrer\">Assemble Generale de AICESIS<\/a><br \/><a href=\"https:\/\/ser.cw\/wp-content\/uploads\/sites\/280\/2019\/03\/FINAL-Presentation-SER-March-2019-13.45-14.00-Read-Only.pdf\" target=\"_blank\" rel=\"noopener noreferrer\">CINEX Progress Report<\/a><br \/><a href=\"https:\/\/ser.cw\/wp-content\/uploads\/sites\/280\/2019\/03\/01-Speech-Minister-Gijsbertha-at-meeting-of-SER-March-8-2019.pdf\" target=\"_blank\" rel=\"noopener noreferrer\">Speech Minister Gijsbertha<\/a><br \/><a href=\"https:\/\/ser.cw\/wp-content\/uploads\/sites\/280\/2019\/03\/First-general-report.pdf\" target=\"_blank\" rel=\"noopener noreferrer\">First General Report<\/a><br \/><a href=\"https:\/\/ser.cw\/wp-content\/uploads\/sites\/280\/2019\/03\/Presentaci\u00f3n-Curazao.pdf\" target=\"_blank\" rel=\"noopener noreferrer\">The Social Dialogue System in Uruguay<\/a><\/p>\n<p>\u00a0<\/p>\n<h3><span style=\"color: #0000ff\">Other documents<\/span><\/h3>\n<p><a href=\"https:\/\/ser.cw\/wp-content\/uploads\/sites\/280\/2019\/03\/190307-relev\u00e9-CA-EN-final.pdf\" target=\"_blank\" rel=\"noopener noreferrer\">relev\u00e9 CA English final<\/a><br \/><a href=\"https:\/\/ser.cw\/wp-content\/uploads\/sites\/280\/2019\/03\/190307-relev\u00e9-CA-FR-final.pdf\" target=\"_blank\" rel=\"noopener noreferrer\">relev\u00e9 CA French final<\/a><br \/><a href=\"https:\/\/ser.cw\/wp-content\/uploads\/sites\/280\/2019\/03\/lettre-a-lattention-des-membres.EN_.pdf\" target=\"_blank\" rel=\"noopener noreferrer\">lettre a l&#8217;attention des membres English<\/a><br \/><a href=\"https:\/\/ser.cw\/wp-content\/uploads\/sites\/280\/2019\/03\/lettre-a-lattention-des-membres.FR_.pdf\" target=\"_blank\" rel=\"noopener noreferrer\">lettre a l&#8217;attention des membres French<\/a><br \/><a href=\"https:\/\/ser.cw\/wp-content\/uploads\/sites\/280\/2019\/03\/Thank-you-letter-attendees-in-English-1.pdf\" target=\"_blank\" rel=\"noopener noreferrer\">Thank You letter attendees in English<\/a><br \/><a href=\"https:\/\/ser.cw\/wp-content\/uploads\/sites\/280\/2019\/03\/Thank-You-letter-attendees-in-French.pdf\" target=\"_blank\" rel=\"noopener noreferrer\">Thank You letter attendees in French<\/a><br \/><a href=\"https:\/\/ser.cw\/wp-content\/uploads\/sites\/280\/2019\/03\/Thank-you-letter-attendees-in-Spanish.pdf\" target=\"_blank\" rel=\"noopener noreferrer\">Thank You letter attendees in Spanish<\/a><\/p>\n<p><span style=\"color: #00a6ff\"><a style=\"color: #00a6ff\" href=\"https:\/\/ser.cw\/wp-content\/uploads\/sites\/280\/2019\/03\/RAUL-HENRIQUEZ-SECRETAIRE-GENERAL-SER-DE-CURA\u00c7AO-REMERCIEMENTS.pdf\" target=\"_blank\" rel=\"noopener noreferrer\">Thank You letter Ivory Coast<\/a><\/span><\/p>\n<p>[\/et_pb_text][\/et_pb_column][et_pb_column type=\u00bb1_3&#8243; _builder_version=\u00bb4.16&#8243; background_color=\u00bb#f4fbff\u00bb custom_padding=\u00bb30px|30px|30px|30px\u00bb global_colors_info=\u00bb{}\u00bb custom_padding__hover=\u00bb|||\u00bb][et_pb_sidebar area=\u00bbet_pb_widget_area_3&#8243; _builder_version=\u00bb4.19.5&#8243; global_colors_info=\u00bb{}\u00bb][\/et_pb_sidebar][\/et_pb_column][\/et_pb_row][\/et_pb_section][et_pb_section fb_built=\u00bb1&#8243; module_class=\u00bbcontact-footer\u00bb _builder_version=\u00bb4.19.4&#8243; _module_preset=\u00bbdefault\u00bb saved_tabs=\u00bball\u00bb locked=\u00bboff\u00bb global_colors_info=\u00bb{}\u00bb][et_pb_row column_structure=\u00bb1_3,1_3,1_3&#8243; use_custom_gutter=\u00bbon\u00bb make_equal=\u00bbon\u00bb _builder_version=\u00bb4.16&#8243; background_color=\u00bb#73d2ff\u00bb width_phone=\u00bb50px\u00bb max_width_phone=\u00bb1280px\u00bb custom_margin=\u00bb0px||0px|\u00bb custom_padding=\u00bb0px|0px|0px|0px\u00bb z_index_tablet=\u00bb500&#8243; box_shadow_horizontal_tablet=\u00bb0px\u00bb box_shadow_vertical_tablet=\u00bb0px\u00bb box_shadow_blur_tablet=\u00bb40px\u00bb box_shadow_spread_tablet=\u00bb0px\u00bb global_colors_info=\u00bb{}\u00bb][et_pb_column type=\u00bb1_3&#8243; _builder_version=\u00bb4.16&#8243; custom_padding=\u00bb30px|30px|30px|30px\u00bb global_colors_info=\u00bb{}\u00bb custom_padding__hover=\u00bb|||\u00bb][et_pb_text admin_label=\u00bbLinks\u00bb _builder_version=\u00bb4.16&#8243; text_font=\u00bb||||||||\u00bb text_font_size=\u00bb20px\u00bb ul_font=\u00bb||||||||\u00bb header_font=\u00bb||||||||\u00bb border_style=\u00bbsolid\u00bb text_text_align=\u00bbleft\u00bb global_colors_info=\u00bb{}\u00bb]<\/p>\n<h3 style=\"text-align: left\">Meer informatie<\/h3>\n<ul>\n<li style=\"text-align: left\"><a href=\"https:\/\/ser.cw\/ser-in-het-kort\/wat-doet-de-ser\/\">Wat doet de SER?<\/a><\/li>\n<li style=\"text-align: left\"><a href=\"\/onze-werkwijze\/wettelijke-regelingen\/\">Wettelijke regelingen<\/a><\/li>\n<li style=\"text-align: left\"><a href=\"https:\/\/ser.cw\/documenten\/jaarverslagen\/\">Jaarverslagen<\/a><\/li>\n<\/ul>\n<p>[\/et_pb_text][\/et_pb_column][et_pb_column type=\u00bb1_3&#8243; _builder_version=\u00bb4.16&#8243; custom_padding=\u00bb0px|0px|0px|0px\u00bb global_colors_info=\u00bb{}\u00bb custom_padding__hover=\u00bb|||\u00bb][et_pb_image src=\u00bbhttps:\/\/ser.cw\/wp-content\/uploads\/sites\/280\/2022\/07\/SER-gebouw-website-3-1.png\u00bb show_bottom_space=\u00bboff\u00bb align=\u00bbright\u00bb align_tablet=\u00bbcenter\u00bb align_phone=\u00bb\u00bb align_last_edited=\u00bbon|desktop\u00bb _builder_version=\u00bb4.16&#8243; custom_margin=\u00bb0px|0px|0px|0px\u00bb z_index_tablet=\u00bb500&#8243; box_shadow_horizontal_tablet=\u00bb0px\u00bb box_shadow_vertical_tablet=\u00bb0px\u00bb box_shadow_blur_tablet=\u00bb40px\u00bb box_shadow_spread_tablet=\u00bb0px\u00bb global_colors_info=\u00bb{}\u00bb][\/et_pb_image][\/et_pb_column][et_pb_column type=\u00bb1_3&#8243; _builder_version=\u00bb4.16&#8243; custom_padding=\u00bb30px|30px|0px|30px\u00bb global_colors_info=\u00bb{}\u00bb custom_padding__hover=\u00bb|||\u00bb][et_pb_text _builder_version=\u00bb4.16&#8243; text_font=\u00bb||||||||\u00bb global_colors_info=\u00bb{}\u00bb]<\/p>\n<h3>Sociaal Economische Raad<\/h3>\n<p>Ansinghstraat #17<br \/>Curacao<br \/>Tel: +5999 461 5406 \/ 5328<br \/>Email: info@ser.cw<\/p>\n<p>&nbsp;<\/p>\n<p>[\/et_pb_text][\/et_pb_column][\/et_pb_row][\/et_pb_section]<\/p>\n","protected":false},"excerpt":{"rendered":"<p>THE DIGITAL REVOLUTION AND ITS IMPACT ON THE FUTURE OF MANKIND POWERPOINT PRESENTATIONS, SPEECHES AND OTHER DOCUMENTS March 7, 2019Speech Prime Minister of Cura\u00e7ao H.E. Eugene RhuggenaathSpeech Mr. Jacobs, Acting President of the Economic and Social Council of Cura\u00e7aoAsia Social Dialogue Forum 2019-FVAICESIS Communication PolicyPolitique de Communication de L&#8217;AICESISPol\u00edtica de Comunicaci\u00f3n de AICESISTaller de Intercambio [&hellip;]<\/p>\n","protected":false},"author":110,"featured_media":0,"parent":2933,"menu_order":0,"comment_status":"closed","ping_status":"closed","template":"","meta":{"_et_pb_use_builder":"on","_et_pb_old_content":"","_et_gb_content_width":"","_links_to":"","_links_to_type":0,"footnotes":""},"class_list":["post-3668","page","type-page","status-publish","hentry"],"yoast_head":"<!-- This site is optimized with the Yoast SEO plugin v27.3 - https:\/\/yoast.com\/product\/yoast-seo-wordpress\/ -->\n<title>PowerPoint Presentations - Sociaal Economische Raad Cura\u00e7ao<\/title>\n<meta name=\"robots\" content=\"index, follow, max-snippet:-1, max-image-preview:large, max-video-preview:-1\" \/>\n<link rel=\"canonical\" href=\"https:\/\/ser.cw\/aicesisv2\/ppt\/\" \/>\n<meta property=\"og:locale\" content=\"es_ES\" \/>\n<meta property=\"og:type\" content=\"article\" \/>\n<meta property=\"og:title\" content=\"PowerPoint Presentations - Sociaal Economische Raad Cura\u00e7ao\" \/>\n<meta property=\"og:description\" content=\"THE DIGITAL REVOLUTION AND ITS IMPACT ON THE FUTURE OF MANKIND POWERPOINT PRESENTATIONS, SPEECHES AND OTHER DOCUMENTS March 7, 2019Speech Prime Minister of Cura\u00e7ao H.E. Eugene RhuggenaathSpeech Mr. Jacobs, Acting President of the Economic and Social Council of Cura\u00e7aoAsia Social Dialogue Forum 2019-FVAICESIS Communication PolicyPolitique de Communication de L&#039;AICESISPol\u00edtica de Comunicaci\u00f3n de AICESISTaller de Intercambio [&hellip;]\" \/>\n<meta property=\"og:url\" content=\"https:\/\/ser.cw\/aicesisv2\/ppt\/\" \/>\n<meta property=\"og:site_name\" content=\"Sociaal Economische Raad Cura\u00e7ao\" \/>\n<meta property=\"article:modified_time\" content=\"2025-03-11T20:35:36+00:00\" \/>\n<meta property=\"og:image\" content=\"https:\/\/ser.cw\/wp-content\/uploads\/sites\/280\/2018\/01\/SER-logo-web.png\" \/>\n\t<meta property=\"og:image:width\" content=\"300\" \/>\n\t<meta property=\"og:image:height\" content=\"127\" \/>\n\t<meta property=\"og:image:type\" content=\"image\/png\" \/>\n<meta name=\"twitter:card\" content=\"summary_large_image\" \/>\n<meta name=\"twitter:label1\" content=\"Tiempo de lectura\" \/>\n\t<meta name=\"twitter:data1\" content=\"5 minutos\" \/>\n<script type=\"application\/ld+json\" class=\"yoast-schema-graph\">{\"@context\":\"https:\\\/\\\/schema.org\",\"@graph\":[{\"@type\":\"WebPage\",\"@id\":\"https:\\\/\\\/ser.cw\\\/aicesisv2\\\/ppt\\\/\",\"url\":\"https:\\\/\\\/ser.cw\\\/aicesisv2\\\/ppt\\\/\",\"name\":\"PowerPoint Presentations - Sociaal Economische Raad Cura\u00e7ao\",\"isPartOf\":{\"@id\":\"https:\\\/\\\/ser.cw\\\/#website\"},\"datePublished\":\"2019-03-14T19:58:05+00:00\",\"dateModified\":\"2025-03-11T20:35:36+00:00\",\"breadcrumb\":{\"@id\":\"https:\\\/\\\/ser.cw\\\/aicesisv2\\\/ppt\\\/#breadcrumb\"},\"inLanguage\":\"es\",\"potentialAction\":[{\"@type\":\"ReadAction\",\"target\":[\"https:\\\/\\\/ser.cw\\\/aicesisv2\\\/ppt\\\/\"]}]},{\"@type\":\"BreadcrumbList\",\"@id\":\"https:\\\/\\\/ser.cw\\\/aicesisv2\\\/ppt\\\/#breadcrumb\",\"itemListElement\":[{\"@type\":\"ListItem\",\"position\":1,\"name\":\"Home\",\"item\":\"https:\\\/\\\/ser.cw\\\/es\\\/\"},{\"@type\":\"ListItem\",\"position\":2,\"name\":\"AICESISv2\",\"item\":\"https:\\\/\\\/ser.cw\\\/aicesisv2\\\/\"},{\"@type\":\"ListItem\",\"position\":3,\"name\":\"PowerPoint Presentations\"}]},{\"@type\":\"WebSite\",\"@id\":\"https:\\\/\\\/ser.cw\\\/#website\",\"url\":\"https:\\\/\\\/ser.cw\\\/\",\"name\":\"Sociaal Economische Raad Cura\u00e7ao\",\"description\":\"adviesorgaan van de regering en het parlement van Cura\u00e7ao omtrent alle belangrijke onderwerpen van sociaal-economische aard\",\"potentialAction\":[{\"@type\":\"SearchAction\",\"target\":{\"@type\":\"EntryPoint\",\"urlTemplate\":\"https:\\\/\\\/ser.cw\\\/?s={search_term_string}\"},\"query-input\":{\"@type\":\"PropertyValueSpecification\",\"valueRequired\":true,\"valueName\":\"search_term_string\"}}],\"inLanguage\":\"es\"}]}<\/script>\n<!-- \/ Yoast SEO plugin. -->","yoast_head_json":{"title":"PowerPoint Presentations - Sociaal Economische Raad Cura\u00e7ao","robots":{"index":"index","follow":"follow","max-snippet":"max-snippet:-1","max-image-preview":"max-image-preview:large","max-video-preview":"max-video-preview:-1"},"canonical":"https:\/\/ser.cw\/aicesisv2\/ppt\/","og_locale":"es_ES","og_type":"article","og_title":"PowerPoint Presentations - Sociaal Economische Raad Cura\u00e7ao","og_description":"THE DIGITAL REVOLUTION AND ITS IMPACT ON THE FUTURE OF MANKIND POWERPOINT PRESENTATIONS, SPEECHES AND OTHER DOCUMENTS March 7, 2019Speech Prime Minister of Cura\u00e7ao H.E. Eugene RhuggenaathSpeech Mr. Jacobs, Acting President of the Economic and Social Council of Cura\u00e7aoAsia Social Dialogue Forum 2019-FVAICESIS Communication PolicyPolitique de Communication de L'AICESISPol\u00edtica de Comunicaci\u00f3n de AICESISTaller de Intercambio [&hellip;]","og_url":"https:\/\/ser.cw\/aicesisv2\/ppt\/","og_site_name":"Sociaal Economische Raad Cura\u00e7ao","article_modified_time":"2025-03-11T20:35:36+00:00","og_image":[{"width":300,"height":127,"url":"https:\/\/ser.cw\/wp-content\/uploads\/sites\/280\/2018\/01\/SER-logo-web.png","type":"image\/png"}],"twitter_card":"summary_large_image","twitter_misc":{"Tiempo de lectura":"5 minutos"},"schema":{"@context":"https:\/\/schema.org","@graph":[{"@type":"WebPage","@id":"https:\/\/ser.cw\/aicesisv2\/ppt\/","url":"https:\/\/ser.cw\/aicesisv2\/ppt\/","name":"PowerPoint Presentations - Sociaal Economische Raad Cura\u00e7ao","isPartOf":{"@id":"https:\/\/ser.cw\/#website"},"datePublished":"2019-03-14T19:58:05+00:00","dateModified":"2025-03-11T20:35:36+00:00","breadcrumb":{"@id":"https:\/\/ser.cw\/aicesisv2\/ppt\/#breadcrumb"},"inLanguage":"es","potentialAction":[{"@type":"ReadAction","target":["https:\/\/ser.cw\/aicesisv2\/ppt\/"]}]},{"@type":"BreadcrumbList","@id":"https:\/\/ser.cw\/aicesisv2\/ppt\/#breadcrumb","itemListElement":[{"@type":"ListItem","position":1,"name":"Home","item":"https:\/\/ser.cw\/es\/"},{"@type":"ListItem","position":2,"name":"AICESISv2","item":"https:\/\/ser.cw\/aicesisv2\/"},{"@type":"ListItem","position":3,"name":"PowerPoint Presentations"}]},{"@type":"WebSite","@id":"https:\/\/ser.cw\/#website","url":"https:\/\/ser.cw\/","name":"Sociaal Economische Raad Cura\u00e7ao","description":"adviesorgaan van de regering en het parlement van Cura\u00e7ao omtrent alle belangrijke onderwerpen van sociaal-economische aard","potentialAction":[{"@type":"SearchAction","target":{"@type":"EntryPoint","urlTemplate":"https:\/\/ser.cw\/?s={search_term_string}"},"query-input":{"@type":"PropertyValueSpecification","valueRequired":true,"valueName":"search_term_string"}}],"inLanguage":"es"}]}},"_links":{"self":[{"href":"https:\/\/ser.cw\/es\/wp-json\/wp\/v2\/pages\/3668","targetHints":{"allow":["GET"]}}],"collection":[{"href":"https:\/\/ser.cw\/es\/wp-json\/wp\/v2\/pages"}],"about":[{"href":"https:\/\/ser.cw\/es\/wp-json\/wp\/v2\/types\/page"}],"author":[{"embeddable":true,"href":"https:\/\/ser.cw\/es\/wp-json\/wp\/v2\/users\/110"}],"replies":[{"embeddable":true,"href":"https:\/\/ser.cw\/es\/wp-json\/wp\/v2\/comments?post=3668"}],"version-history":[{"count":0,"href":"https:\/\/ser.cw\/es\/wp-json\/wp\/v2\/pages\/3668\/revisions"}],"up":[{"embeddable":true,"href":"https:\/\/ser.cw\/es\/wp-json\/wp\/v2\/pages\/2933"}],"wp:attachment":[{"href":"https:\/\/ser.cw\/es\/wp-json\/wp\/v2\/media?parent=3668"}],"curies":[{"name":"wp","href":"https:\/\/api.w.org\/{rel}","templated":true}]}}