{"id":30974,"date":"2017-10-25T19:47:30","date_gmt":"2017-10-25T23:47:30","guid":{"rendered":"https:\/\/ser.cw\/?page_id=30974"},"modified":"2026-02-11T14:33:27","modified_gmt":"2026-02-11T18:33:27","slug":"enlaces","status":"publish","type":"page","link":"https:\/\/ser.cw\/es\/ser-en-breve\/enlaces\/","title":{"rendered":"Enlaces"},"content":{"rendered":"<p>[et_pb_section fb_built=\u00bb1&#8243; fullwidth=\u00bbon\u00bb _builder_version=\u00bb4.16&#8243; global_colors_info=\u00bb{}\u00bb][et_pb_fullwidth_slider _builder_version=\u00bb4.16&#8243; custom_padding=\u00bb|||\u00bb custom_padding_tablet=\u00bb|||\u00bb custom_padding_phone=\u00bb|||\u00bb box_shadow_style=\u00bbpreset6&#8243; box_shadow_blur=\u00bb10px\u00bb box_shadow_color=\u00bbrgba(0,0,0,0.1)\u00bb remove_inner_shadow=\u00bboff\u00bb hide_content_on_mobile=\u00bboff\u00bb hide_cta_on_mobile=\u00bboff\u00bb show_inner_shadow=\u00bbon\u00bb button_letter_spacing_hover=\u00bb0&#8243; saved_tabs=\u00bball\u00bb global_colors_info=\u00bb{}\u00bb button_text_size__hover_enabled=\u00bboff\u00bb button_text_size__hover=\u00bbnull\u00bb button_one_text_size__hover_enabled=\u00bboff\u00bb button_one_text_size__hover=\u00bbnull\u00bb button_two_text_size__hover_enabled=\u00bboff\u00bb button_two_text_size__hover=\u00bbnull\u00bb button_text_color__hover_enabled=\u00bboff\u00bb button_text_color__hover=\u00bbnull\u00bb button_one_text_color__hover_enabled=\u00bboff\u00bb button_one_text_color__hover=\u00bbnull\u00bb button_two_text_color__hover_enabled=\u00bboff\u00bb button_two_text_color__hover=\u00bbnull\u00bb button_border_width__hover_enabled=\u00bboff\u00bb button_border_width__hover=\u00bbnull\u00bb button_one_border_width__hover_enabled=\u00bboff\u00bb button_one_border_width__hover=\u00bbnull\u00bb button_two_border_width__hover_enabled=\u00bboff\u00bb button_two_border_width__hover=\u00bbnull\u00bb button_border_color__hover_enabled=\u00bboff\u00bb button_border_color__hover=\u00bbnull\u00bb button_one_border_color__hover_enabled=\u00bboff\u00bb button_one_border_color__hover=\u00bbnull\u00bb button_two_border_color__hover_enabled=\u00bboff\u00bb button_two_border_color__hover=\u00bbnull\u00bb button_border_radius__hover_enabled=\u00bboff\u00bb button_border_radius__hover=\u00bbnull\u00bb button_one_border_radius__hover_enabled=\u00bboff\u00bb button_one_border_radius__hover=\u00bbnull\u00bb button_two_border_radius__hover_enabled=\u00bboff\u00bb button_two_border_radius__hover=\u00bbnull\u00bb button_letter_spacing__hover_enabled=\u00bbon\u00bb button_letter_spacing__hover=\u00bb0&#8243; button_one_letter_spacing__hover_enabled=\u00bboff\u00bb button_one_letter_spacing__hover=\u00bbnull\u00bb button_two_letter_spacing__hover_enabled=\u00bboff\u00bb button_two_letter_spacing__hover=\u00bbnull\u00bb button_bg_color__hover_enabled=\u00bboff\u00bb button_bg_color__hover=\u00bbnull\u00bb button_one_bg_color__hover_enabled=\u00bboff\u00bb button_one_bg_color__hover=\u00bbnull\u00bb button_two_bg_color__hover_enabled=\u00bboff\u00bb button_two_bg_color__hover=\u00bbnull\u00bb][et_pb_slide use_bg_overlay=\u00bboff\u00bb use_text_overlay=\u00bboff\u00bb admin_title=\u00bbprikichi\u00bb _builder_version=\u00bb4.16&#8243; header_font=\u00bb||||\u00bb body_font=\u00bb||||\u00bb background_color=\u00bb#ffffff\u00bb background_image=\u00bbhttps:\/\/ser.cw\/wp-content\/uploads\/sites\/280\/2017\/09\/Website-SER-Banner-voorstel-13-Samen.jpg\u00bb button_icon_placement=\u00bbright\u00bb button_on_hover=\u00bbon\u00bb global_colors_info=\u00bb{}\u00bb button_text_size__hover_enabled=\u00bboff\u00bb button_one_text_size__hover_enabled=\u00bboff\u00bb button_two_text_size__hover_enabled=\u00bboff\u00bb button_text_color__hover_enabled=\u00bboff\u00bb button_one_text_color__hover_enabled=\u00bboff\u00bb button_two_text_color__hover_enabled=\u00bboff\u00bb button_border_width__hover_enabled=\u00bboff\u00bb button_one_border_width__hover_enabled=\u00bboff\u00bb button_two_border_width__hover_enabled=\u00bboff\u00bb button_border_color__hover_enabled=\u00bboff\u00bb button_one_border_color__hover_enabled=\u00bboff\u00bb button_two_border_color__hover_enabled=\u00bboff\u00bb button_border_radius__hover_enabled=\u00bboff\u00bb button_one_border_radius__hover_enabled=\u00bboff\u00bb button_two_border_radius__hover_enabled=\u00bboff\u00bb button_letter_spacing__hover_enabled=\u00bboff\u00bb button_one_letter_spacing__hover_enabled=\u00bboff\u00bb button_two_letter_spacing__hover_enabled=\u00bboff\u00bb button_bg_color__hover_enabled=\u00bboff\u00bb button_one_bg_color__hover_enabled=\u00bboff\u00bb button_two_bg_color__hover_enabled=\u00bboff\u00bb sticky_transition=\u00bbon\u00bb][\/et_pb_slide][\/et_pb_fullwidth_slider][\/et_pb_section][et_pb_section fb_built=\u00bb1&#8243; _builder_version=\u00bb4.16&#8243; background_color=\u00bbrgba(255,255,255,0)\u00bb custom_padding=\u00bb0px|0px|0px|0px\u00bb transparent_background=\u00bbon\u00bb global_colors_info=\u00bb{}\u00bb][et_pb_row column_structure=\u00bb2_3,1_3&#8243; use_custom_gutter=\u00bbon\u00bb gutter_width=\u00bb1&#8243; _builder_version=\u00bb4.16&#8243; global_colors_info=\u00bb{}\u00bb][et_pb_column type=\u00bb2_3&#8243; _builder_version=\u00bb4.16&#8243; custom_padding=\u00bb|||\u00bb global_colors_info=\u00bb{}\u00bb custom_padding__hover=\u00bb|||\u00bb][et_pb_text _builder_version=\u00bb4.25.2&#8243; background_color=\u00bbrgba(255,255,255,0.68)\u00bb custom_padding=\u00bb15px|30px|3px|30px\u00bb border_style=\u00bbsolid\u00bb global_colors_info=\u00bb{}\u00bb]<\/p>\n<h1>Enlaces<\/h1>\n<p>[\/et_pb_text][\/et_pb_column][et_pb_column type=\u00bb1_3&#8243; _builder_version=\u00bb4.16&#8243; custom_padding=\u00bb|||\u00bb global_colors_info=\u00bb{}\u00bb custom_padding__hover=\u00bb|||\u00bb][\/et_pb_column][\/et_pb_row][\/et_pb_section][et_pb_section fb_built=\u00bb1&#8243; _builder_version=\u00bb4.16&#8243; background_color=\u00bb#d1f0ff\u00bb custom_padding=\u00bb0px|0px|0px|0px\u00bb global_colors_info=\u00bb{}\u00bb][et_pb_row column_structure=\u00bb2_3,1_3&#8243; use_custom_gutter=\u00bbon\u00bb gutter_width=\u00bb1&#8243; make_equal=\u00bbon\u00bb _builder_version=\u00bb4.16&#8243; global_colors_info=\u00bb{}\u00bb][et_pb_column type=\u00bb2_3&#8243; _builder_version=\u00bb4.16&#8243; background_color=\u00bb#fcfeff\u00bb custom_padding=\u00bb30px|30px|30px|30px\u00bb global_colors_info=\u00bb{}\u00bb custom_padding__hover=\u00bb|||\u00bb][et_pb_text _builder_version=\u00bb4.27.4&#8243; z_index_tablet=\u00bb500&#8243; text_text_shadow_horizontal_length_tablet=\u00bb0px\u00bb text_text_shadow_vertical_length_tablet=\u00bb0px\u00bb text_text_shadow_blur_strength_tablet=\u00bb1px\u00bb link_text_shadow_horizontal_length_tablet=\u00bb0px\u00bb link_text_shadow_vertical_length_tablet=\u00bb0px\u00bb link_text_shadow_blur_strength_tablet=\u00bb1px\u00bb ul_text_shadow_horizontal_length_tablet=\u00bb0px\u00bb ul_text_shadow_vertical_length_tablet=\u00bb0px\u00bb ul_text_shadow_blur_strength_tablet=\u00bb1px\u00bb ol_text_shadow_horizontal_length_tablet=\u00bb0px\u00bb ol_text_shadow_vertical_length_tablet=\u00bb0px\u00bb ol_text_shadow_blur_strength_tablet=\u00bb1px\u00bb quote_text_shadow_horizontal_length_tablet=\u00bb0px\u00bb quote_text_shadow_vertical_length_tablet=\u00bb0px\u00bb quote_text_shadow_blur_strength_tablet=\u00bb1px\u00bb header_text_shadow_horizontal_length_tablet=\u00bb0px\u00bb header_text_shadow_vertical_length_tablet=\u00bb0px\u00bb header_text_shadow_blur_strength_tablet=\u00bb1px\u00bb header_2_text_shadow_horizontal_length_tablet=\u00bb0px\u00bb header_2_text_shadow_vertical_length_tablet=\u00bb0px\u00bb header_2_text_shadow_blur_strength_tablet=\u00bb1px\u00bb header_3_text_shadow_horizontal_length_tablet=\u00bb0px\u00bb header_3_text_shadow_vertical_length_tablet=\u00bb0px\u00bb header_3_text_shadow_blur_strength_tablet=\u00bb1px\u00bb header_4_text_shadow_horizontal_length_tablet=\u00bb0px\u00bb header_4_text_shadow_vertical_length_tablet=\u00bb0px\u00bb header_4_text_shadow_blur_strength_tablet=\u00bb1px\u00bb header_5_text_shadow_horizontal_length_tablet=\u00bb0px\u00bb header_5_text_shadow_vertical_length_tablet=\u00bb0px\u00bb header_5_text_shadow_blur_strength_tablet=\u00bb1px\u00bb header_6_text_shadow_horizontal_length_tablet=\u00bb0px\u00bb header_6_text_shadow_vertical_length_tablet=\u00bb0px\u00bb header_6_text_shadow_blur_strength_tablet=\u00bb1px\u00bb box_shadow_horizontal_tablet=\u00bb0px\u00bb box_shadow_vertical_tablet=\u00bb0px\u00bb box_shadow_blur_tablet=\u00bb40px\u00bb box_shadow_spread_tablet=\u00bb0px\u00bb border_style=\u00bbsolid\u00bb global_colors_info=\u00bb{}\u00bb]<\/p>\n<h3>Cura\u00e7ao<\/h3>\n<ul>\n<li><a title=\"Kabinet van de Gouverneur opens in a new window\" href=\"http:\/\/www.kabinetvandegouverneur.org\" target=\"_blank\" rel=\"external noopener noreferrer\">Kabinet van de Gouverneur<\/a><\/li>\n<li><a title=\"Centrale Bank van Cura\u00e7ao en Sint Maarten opens in a new window\" href=\"http:\/\/www.centralbank.cw\" target=\"_blank\" rel=\"external noopener noreferrer\">Centrale Bank van Cura\u00e7ao en Sint Maarten<\/a><\/li>\n<li><a title=\"Centraal Bureau voor de Statistiek\" href=\"http:\/\/www.cbs.cw\" target=\"_blank\" rel=\"external noopener noreferrer\">Centraal Bureau voor de Statistiek<\/a><\/li>\n<li><a title=\"Sociale Verzekeringsbank\" href=\"http:\/\/svbcur.org\/\" target=\"_blank\" rel=\"external noopener noreferrer\">Sociale Verzekeringsbank<\/a><\/li>\n<li><a href=\"http:\/\/www.curacao-chamber.cw\" target=\"_blank\" rel=\"noopener noreferrer\">Kamer van Koophandel<\/a><\/li>\n<li><a href=\"http:\/\/www.gobiernu.cw\" target=\"_blank\" rel=\"noopener noreferrer\">Overheid van Cura\u00e7ao<\/a><\/li>\n<li><a href=\"http:\/\/www.parlamento.cw\" target=\"_blank\" rel=\"noopener noreferrer\">Staten van Cura\u00e7ao<\/a><\/li>\n<li><a href=\"http:\/\/www.raadvanadvies.cw\" target=\"_blank\" rel=\"noopener noreferrer\">Raad van Advies<\/a><\/li>\n<li><a href=\"http:\/\/www.rekenkamercuracao.cw\" target=\"_blank\" rel=\"noopener noreferrer\">Algemene Rekenkamer Cura\u00e7ao<\/a><\/li>\n<li><a href=\"http:\/\/www.cft.cw\" target=\"_blank\" rel=\"noopener noreferrer\">College financieel toezicht Cura\u00e7ao en Sint Maarten<\/a><\/li>\n<li><a href=\"https:\/\/ftac.cw\" target=\"_blank\" rel=\"noopener noreferrer\"><span lang=\"en-US\">Fair Trade Authority Cura\u00e7ao<\/span><\/a><\/li>\n<li><span lang=\"en-US\"><a href=\"http:\/\/curinvest.com\" target=\"_blank\" rel=\"noopener noreferrer\">CINEX Curacao Investment &amp; Export Promotion Agency<\/a><\/span><\/li>\n<li><a href=\"https:\/\/www.ombudsman.cw\" target=\"_blank\" rel=\"noopener\">Ombudsman Cura\u00e7ao<\/a><\/li>\n<li><a title=\"Kabinet van de Gevolmachtigde Minister van Cura\u00e7ao\" href=\"https:\/\/kgmc.nl\/\" target=\"_blank\" rel=\"external noopener noreferrer\">Kabinet van de Gevolmachtigde Minister van Cura\u00e7ao<\/a><\/li>\n<\/ul>\n<h3>Internationaal<\/h3>\n<ul>\n<li><a title=\"Sociaal Economische Raad Nederland\" href=\"http:\/\/www.ser.nl\" target=\"_blank\" rel=\"external noopener noreferrer\">Sociaal Economische Raad Nederland<\/a><\/li>\n<li><a title=\"Koninklijk Huis\" href=\"http:\/\/www.koninklijkhuis.nl\" target=\"_blank\" rel=\"external noopener noreferrer\">Koninklijk Huis<\/a><\/li>\n<li><a title=\"Ministerie van Binnenlandse Zaken en Koninkrijksrelaties\" href=\"http:\/\/www.bzk.nl\" target=\"_blank\" rel=\"external noopener noreferrer\">Ministerie van Binnenlandse Zaken en Koninkrijksrelaties<\/a><\/li>\n<li><a href=\"https:\/\/www.duurzaam-ondernemen.nl\/\" target=\"_blank\" rel=\"noopener noreferrer\">Stichting Maatschappij en Onderneming<\/a><\/li>\n<li><a href=\"http:\/\/www.ser.aw\" target=\"_blank\" rel=\"noopener noreferrer\">Sociaal-Economische Raad Aruba<\/a><\/li>\n<li><a title=\"SER Sint Maarten\" href=\"http:\/\/ser.sx\/\" target=\"_blank\" rel=\"external noopener noreferrer\">Sociaal-Economische Raad Sint Maarten<\/a><\/li>\n<li><a title=\"AICESIS\" href=\"http:\/\/www.aicesis.org\" target=\"_blank\" rel=\"external noopener noreferrer\">AICESIS<\/a><\/li>\n<li><a title=\"Ceslink\" href=\"http:\/\/www.eesc.europa.eu\/ceslink\" target=\"_blank\" rel=\"external noopener noreferrer\">Ceslink<\/a><\/li>\n<li><a title=\"EESC\" href=\"http:\/\/www.eesc.europa.eu\/?i=portal.en.home\" target=\"_blank\" rel=\"external noopener noreferrer\">EESC<\/a><\/li>\n<li><a href=\"http:\/\/www.undp.org\" target=\"_blank\" rel=\"noopener noreferrer\"><span lang=\"en-US\">United Nations Development Programme<\/span><\/a><\/li>\n<li><a href=\"http:\/\/www.ilo.org\" target=\"_blank\" rel=\"noopener noreferrer\"><span lang=\"en-US\">International Labour Organization<\/span><\/a><\/li>\n<\/ul>\n<p>[\/et_pb_text][\/et_pb_column][et_pb_column type=\u00bb1_3&#8243; _builder_version=\u00bb4.16&#8243; background_color=\u00bb#f4fbff\u00bb custom_padding=\u00bb30px|30px|30px|30px\u00bb global_colors_info=\u00bb{}\u00bb custom_padding__hover=\u00bb|||\u00bb][\/et_pb_column][\/et_pb_row][\/et_pb_section][et_pb_section fb_built=\u00bb1&#8243; module_class=\u00bbcontact-footer\u00bb _builder_version=\u00bb4.19.4&#8243; _module_preset=\u00bbdefault\u00bb saved_tabs=\u00bball\u00bb locked=\u00bboff\u00bb global_colors_info=\u00bb{}\u00bb][et_pb_row column_structure=\u00bb1_3,1_3,1_3&#8243; use_custom_gutter=\u00bbon\u00bb make_equal=\u00bbon\u00bb _builder_version=\u00bb4.16&#8243; background_color=\u00bb#73d2ff\u00bb width_phone=\u00bb50px\u00bb max_width_phone=\u00bb1280px\u00bb custom_margin=\u00bb0px||0px|\u00bb custom_padding=\u00bb0px|0px|0px|0px\u00bb z_index_tablet=\u00bb500&#8243; box_shadow_horizontal_tablet=\u00bb0px\u00bb box_shadow_vertical_tablet=\u00bb0px\u00bb box_shadow_blur_tablet=\u00bb40px\u00bb box_shadow_spread_tablet=\u00bb0px\u00bb global_colors_info=\u00bb{}\u00bb][et_pb_column type=\u00bb1_3&#8243; _builder_version=\u00bb4.16&#8243; custom_padding=\u00bb30px|30px|30px|30px\u00bb global_colors_info=\u00bb{}\u00bb custom_padding__hover=\u00bb|||\u00bb][et_pb_text admin_label=\u00bbLinks\u00bb _builder_version=\u00bb4.27.4&#8243; text_font=\u00bb||||||||\u00bb text_font_size=\u00bb20px\u00bb ul_font=\u00bb||||||||\u00bb header_font=\u00bb||||||||\u00bb hover_enabled=\u00bb0&#8243; border_style=\u00bbsolid\u00bb text_text_align=\u00bbleft\u00bb global_colors_info=\u00bb{}\u00bb sticky_enabled=\u00bb0&#8243;]<\/p>\n<h3>M\u00e1s informaci\u00f3n<\/h3>\n<ul>\n<li style=\"text-align: left\"><span style=\"color: #000080\"><a style=\"color: #000080\" href=\"https:\/\/ser.cw\/ser-in-het-kort\/wat-doet-de-ser\/\" target=\"_blank\" rel=\"noopener\">\u00bfQu\u00e9 hace el SER?<\/a><\/span><\/li>\n<li style=\"text-align: left\"><span style=\"color: #000080\"><a style=\"color: #000080\" href=\"\/onze-werkwijze\/wettelijke-regelingen\/\" target=\"_blank\" rel=\"noopener\">Reglamentaciones legales<\/a><\/span><\/li>\n<li style=\"text-align: left\"><span style=\"color: #000080\"><a style=\"color: #000080\" href=\"https:\/\/ser.cw\/documenten\/jaarverslagen\/\" target=\"_blank\" rel=\"noopener\">Informes anuales<\/a><\/span><\/li>\n<\/ul>\n<p>[\/et_pb_text][\/et_pb_column][et_pb_column type=\u00bb1_3&#8243; _builder_version=\u00bb4.16&#8243; custom_padding=\u00bb0px|0px|0px|0px\u00bb global_colors_info=\u00bb{}\u00bb custom_padding__hover=\u00bb|||\u00bb][et_pb_image src=\u00bbhttps:\/\/ser.cw\/wp-content\/uploads\/sites\/280\/2022\/07\/SER-gebouw-website-3-1.png\u00bb show_bottom_space=\u00bboff\u00bb align=\u00bbright\u00bb align_tablet=\u00bbcenter\u00bb align_phone=\u00bb\u00bb align_last_edited=\u00bbon|desktop\u00bb _builder_version=\u00bb4.16&#8243; custom_margin=\u00bb0px|0px|0px|0px\u00bb hover_enabled=\u00bb0&#8243; z_index_tablet=\u00bb500&#8243; box_shadow_horizontal_tablet=\u00bb0px\u00bb box_shadow_vertical_tablet=\u00bb0px\u00bb box_shadow_blur_tablet=\u00bb40px\u00bb box_shadow_spread_tablet=\u00bb0px\u00bb global_colors_info=\u00bb{}\u00bb sticky_enabled=\u00bb0&#8243;][\/et_pb_image][\/et_pb_column][et_pb_column type=\u00bb1_3&#8243; _builder_version=\u00bb4.16&#8243; custom_padding=\u00bb30px|30px|0px|30px\u00bb global_colors_info=\u00bb{}\u00bb custom_padding__hover=\u00bb|||\u00bb][et_pb_text _builder_version=\u00bb4.27.0&#8243; text_font=\u00bb||||||||\u00bb hover_enabled=\u00bb0&#8243; global_colors_info=\u00bb{}\u00bb sticky_enabled=\u00bb0&#8243;]<\/p>\n<h3>El Consejo Econ\u00f3mico y Social<\/h3>\n<p>Ansinghstraat #17<br \/>Curacao<br \/>Tel: +5999 461 5406 \/ 5328<br \/>Email: info@ser.cw<\/p>\n<p>&nbsp;<\/p>\n<p>[\/et_pb_text][\/et_pb_column][\/et_pb_row][\/et_pb_section]<\/p>\n","protected":false},"excerpt":{"rendered":"<p>EnlacesCura\u00e7ao Kabinet van de Gouverneur Centrale Bank van Cura\u00e7ao en Sint Maarten Centraal Bureau voor de Statistiek Sociale Verzekeringsbank Kamer van Koophandel Overheid van Cura\u00e7ao Staten van Cura\u00e7ao Raad van Advies Algemene Rekenkamer Cura\u00e7ao College financieel toezicht Cura\u00e7ao en Sint Maarten Fair Trade Authority Cura\u00e7ao CINEX Curacao Investment &amp; Export Promotion Agency Ombudsman Cura\u00e7ao Kabinet [&hellip;]<\/p>\n","protected":false},"author":109,"featured_media":0,"parent":30838,"menu_order":50,"comment_status":"closed","ping_status":"closed","template":"","meta":{"_et_pb_use_builder":"on","_et_pb_old_content":"","_et_gb_content_width":"","_links_to":"","_links_to_type":0,"footnotes":""},"class_list":["post-30974","page","type-page","status-publish","hentry"],"yoast_head":"<!-- This site is optimized with the Yoast SEO plugin v27.3 - https:\/\/yoast.com\/product\/yoast-seo-wordpress\/ -->\n<title>Enlaces - Sociaal Economische Raad Cura\u00e7ao<\/title>\n<meta name=\"robots\" content=\"index, follow, max-snippet:-1, max-image-preview:large, max-video-preview:-1\" \/>\n<link rel=\"canonical\" href=\"https:\/\/ser.cw\/es\/ser-en-breve\/enlaces\/\" \/>\n<meta property=\"og:locale\" content=\"es_ES\" \/>\n<meta property=\"og:type\" content=\"article\" \/>\n<meta property=\"og:title\" content=\"Enlaces - Sociaal Economische Raad Cura\u00e7ao\" \/>\n<meta property=\"og:description\" content=\"EnlacesCura\u00e7ao Kabinet van de Gouverneur Centrale Bank van Cura\u00e7ao en Sint Maarten Centraal Bureau voor de Statistiek Sociale Verzekeringsbank Kamer van Koophandel Overheid van Cura\u00e7ao Staten van Cura\u00e7ao Raad van Advies Algemene Rekenkamer Cura\u00e7ao College financieel toezicht Cura\u00e7ao en Sint Maarten Fair Trade Authority Cura\u00e7ao CINEX Curacao Investment &amp; Export Promotion Agency Ombudsman Cura\u00e7ao Kabinet [&hellip;]\" \/>\n<meta property=\"og:url\" content=\"https:\/\/ser.cw\/es\/ser-en-breve\/enlaces\/\" \/>\n<meta property=\"og:site_name\" content=\"Sociaal Economische Raad Cura\u00e7ao\" \/>\n<meta property=\"article:modified_time\" content=\"2026-02-11T18:33:27+00:00\" \/>\n<meta property=\"og:image\" content=\"https:\/\/ser.cw\/wp-content\/uploads\/sites\/280\/2018\/01\/SER-logo-web.png\" \/>\n\t<meta property=\"og:image:width\" content=\"300\" \/>\n\t<meta property=\"og:image:height\" content=\"127\" \/>\n\t<meta property=\"og:image:type\" content=\"image\/png\" \/>\n<meta name=\"twitter:card\" content=\"summary_large_image\" \/>\n<meta name=\"twitter:label1\" content=\"Tiempo de lectura\" \/>\n\t<meta name=\"twitter:data1\" content=\"1 minuto\" \/>\n<script type=\"application\/ld+json\" class=\"yoast-schema-graph\">{\"@context\":\"https:\\\/\\\/schema.org\",\"@graph\":[{\"@type\":\"WebPage\",\"@id\":\"https:\\\/\\\/ser.cw\\\/es\\\/ser-en-breve\\\/enlaces\\\/\",\"url\":\"https:\\\/\\\/ser.cw\\\/es\\\/ser-en-breve\\\/enlaces\\\/\",\"name\":\"Enlaces - Sociaal Economische Raad Cura\u00e7ao\",\"isPartOf\":{\"@id\":\"https:\\\/\\\/ser.cw\\\/#website\"},\"datePublished\":\"2017-10-25T23:47:30+00:00\",\"dateModified\":\"2026-02-11T18:33:27+00:00\",\"breadcrumb\":{\"@id\":\"https:\\\/\\\/ser.cw\\\/es\\\/ser-en-breve\\\/enlaces\\\/#breadcrumb\"},\"inLanguage\":\"es\",\"potentialAction\":[{\"@type\":\"ReadAction\",\"target\":[\"https:\\\/\\\/ser.cw\\\/es\\\/ser-en-breve\\\/enlaces\\\/\"]}]},{\"@type\":\"BreadcrumbList\",\"@id\":\"https:\\\/\\\/ser.cw\\\/es\\\/ser-en-breve\\\/enlaces\\\/#breadcrumb\",\"itemListElement\":[{\"@type\":\"ListItem\",\"position\":1,\"name\":\"Home\",\"item\":\"https:\\\/\\\/ser.cw\\\/es\\\/\"},{\"@type\":\"ListItem\",\"position\":2,\"name\":\"SER en breve\",\"item\":\"https:\\\/\\\/ser.cw\\\/es\\\/ser-en-breve\\\/\"},{\"@type\":\"ListItem\",\"position\":3,\"name\":\"Enlaces\"}]},{\"@type\":\"WebSite\",\"@id\":\"https:\\\/\\\/ser.cw\\\/#website\",\"url\":\"https:\\\/\\\/ser.cw\\\/\",\"name\":\"Sociaal Economische Raad Cura\u00e7ao\",\"description\":\"adviesorgaan van de regering en het parlement van Cura\u00e7ao omtrent alle belangrijke onderwerpen van sociaal-economische aard\",\"potentialAction\":[{\"@type\":\"SearchAction\",\"target\":{\"@type\":\"EntryPoint\",\"urlTemplate\":\"https:\\\/\\\/ser.cw\\\/?s={search_term_string}\"},\"query-input\":{\"@type\":\"PropertyValueSpecification\",\"valueRequired\":true,\"valueName\":\"search_term_string\"}}],\"inLanguage\":\"es\"}]}<\/script>\n<!-- \/ Yoast SEO plugin. -->","yoast_head_json":{"title":"Enlaces - Sociaal Economische Raad Cura\u00e7ao","robots":{"index":"index","follow":"follow","max-snippet":"max-snippet:-1","max-image-preview":"max-image-preview:large","max-video-preview":"max-video-preview:-1"},"canonical":"https:\/\/ser.cw\/es\/ser-en-breve\/enlaces\/","og_locale":"es_ES","og_type":"article","og_title":"Enlaces - Sociaal Economische Raad Cura\u00e7ao","og_description":"EnlacesCura\u00e7ao Kabinet van de Gouverneur Centrale Bank van Cura\u00e7ao en Sint Maarten Centraal Bureau voor de Statistiek Sociale Verzekeringsbank Kamer van Koophandel Overheid van Cura\u00e7ao Staten van Cura\u00e7ao Raad van Advies Algemene Rekenkamer Cura\u00e7ao College financieel toezicht Cura\u00e7ao en Sint Maarten Fair Trade Authority Cura\u00e7ao CINEX Curacao Investment &amp; Export Promotion Agency Ombudsman Cura\u00e7ao Kabinet [&hellip;]","og_url":"https:\/\/ser.cw\/es\/ser-en-breve\/enlaces\/","og_site_name":"Sociaal Economische Raad Cura\u00e7ao","article_modified_time":"2026-02-11T18:33:27+00:00","og_image":[{"width":300,"height":127,"url":"https:\/\/ser.cw\/wp-content\/uploads\/sites\/280\/2018\/01\/SER-logo-web.png","type":"image\/png"}],"twitter_card":"summary_large_image","twitter_misc":{"Tiempo de lectura":"1 minuto"},"schema":{"@context":"https:\/\/schema.org","@graph":[{"@type":"WebPage","@id":"https:\/\/ser.cw\/es\/ser-en-breve\/enlaces\/","url":"https:\/\/ser.cw\/es\/ser-en-breve\/enlaces\/","name":"Enlaces - Sociaal Economische Raad Cura\u00e7ao","isPartOf":{"@id":"https:\/\/ser.cw\/#website"},"datePublished":"2017-10-25T23:47:30+00:00","dateModified":"2026-02-11T18:33:27+00:00","breadcrumb":{"@id":"https:\/\/ser.cw\/es\/ser-en-breve\/enlaces\/#breadcrumb"},"inLanguage":"es","potentialAction":[{"@type":"ReadAction","target":["https:\/\/ser.cw\/es\/ser-en-breve\/enlaces\/"]}]},{"@type":"BreadcrumbList","@id":"https:\/\/ser.cw\/es\/ser-en-breve\/enlaces\/#breadcrumb","itemListElement":[{"@type":"ListItem","position":1,"name":"Home","item":"https:\/\/ser.cw\/es\/"},{"@type":"ListItem","position":2,"name":"SER en breve","item":"https:\/\/ser.cw\/es\/ser-en-breve\/"},{"@type":"ListItem","position":3,"name":"Enlaces"}]},{"@type":"WebSite","@id":"https:\/\/ser.cw\/#website","url":"https:\/\/ser.cw\/","name":"Sociaal Economische Raad Cura\u00e7ao","description":"adviesorgaan van de regering en het parlement van Cura\u00e7ao omtrent alle belangrijke onderwerpen van sociaal-economische aard","potentialAction":[{"@type":"SearchAction","target":{"@type":"EntryPoint","urlTemplate":"https:\/\/ser.cw\/?s={search_term_string}"},"query-input":{"@type":"PropertyValueSpecification","valueRequired":true,"valueName":"search_term_string"}}],"inLanguage":"es"}]}},"_links":{"self":[{"href":"https:\/\/ser.cw\/es\/wp-json\/wp\/v2\/pages\/30974","targetHints":{"allow":["GET"]}}],"collection":[{"href":"https:\/\/ser.cw\/es\/wp-json\/wp\/v2\/pages"}],"about":[{"href":"https:\/\/ser.cw\/es\/wp-json\/wp\/v2\/types\/page"}],"author":[{"embeddable":true,"href":"https:\/\/ser.cw\/es\/wp-json\/wp\/v2\/users\/109"}],"replies":[{"embeddable":true,"href":"https:\/\/ser.cw\/es\/wp-json\/wp\/v2\/comments?post=30974"}],"version-history":[{"count":0,"href":"https:\/\/ser.cw\/es\/wp-json\/wp\/v2\/pages\/30974\/revisions"}],"up":[{"embeddable":true,"href":"https:\/\/ser.cw\/es\/wp-json\/wp\/v2\/pages\/30838"}],"wp:attachment":[{"href":"https:\/\/ser.cw\/es\/wp-json\/wp\/v2\/media?parent=30974"}],"curies":[{"name":"wp","href":"https:\/\/api.w.org\/{rel}","templated":true}]}}