{"id":30449,"date":"2023-09-08T13:26:54","date_gmt":"2023-09-08T17:26:54","guid":{"rendered":"https:\/\/ser.cw\/conference-the-future-of-work-2023\/"},"modified":"2024-02-29T11:22:59","modified_gmt":"2024-02-29T15:22:59","slug":"conference-the-future-of-work-2023","status":"publish","type":"page","link":"https:\/\/ser.cw\/en\/conference-the-future-of-work-2023\/","title":{"rendered":"SER Cura\u00e7ao Leads AICESIS"},"content":{"rendered":"<p>[et_pb_section fb_built=&#8221;1&#8243; fullwidth=&#8221;on&#8221; _builder_version=&#8221;4.16&#8243; global_colors_info=&#8221;{}&#8221;][et_pb_fullwidth_slider _builder_version=&#8221;4.23&#8243; header_font_size=&#8221;91&#8243; custom_padding=&#8221;|||&#8221; hover_enabled=&#8221;0&#8243; saved_tabs=&#8221;all&#8221; global_colors_info=&#8221;{}&#8221; button_text_size__hover_enabled=&#8221;off&#8221; button_text_size__hover=&#8221;null&#8221; button_one_text_size__hover_enabled=&#8221;off&#8221; button_one_text_size__hover=&#8221;null&#8221; button_two_text_size__hover_enabled=&#8221;off&#8221; button_two_text_size__hover=&#8221;null&#8221; button_text_color__hover_enabled=&#8221;off&#8221; button_text_color__hover=&#8221;null&#8221; button_one_text_color__hover_enabled=&#8221;off&#8221; button_one_text_color__hover=&#8221;null&#8221; button_two_text_color__hover_enabled=&#8221;off&#8221; button_two_text_color__hover=&#8221;null&#8221; button_border_width__hover_enabled=&#8221;off&#8221; button_border_width__hover=&#8221;null&#8221; button_one_border_width__hover_enabled=&#8221;off&#8221; button_one_border_width__hover=&#8221;null&#8221; button_two_border_width__hover_enabled=&#8221;off&#8221; button_two_border_width__hover=&#8221;null&#8221; button_border_color__hover_enabled=&#8221;off&#8221; button_border_color__hover=&#8221;null&#8221; button_one_border_color__hover_enabled=&#8221;off&#8221; button_one_border_color__hover=&#8221;null&#8221; button_two_border_color__hover_enabled=&#8221;off&#8221; button_two_border_color__hover=&#8221;null&#8221; button_border_radius__hover_enabled=&#8221;off&#8221; button_border_radius__hover=&#8221;null&#8221; button_one_border_radius__hover_enabled=&#8221;off&#8221; button_one_border_radius__hover=&#8221;null&#8221; button_two_border_radius__hover_enabled=&#8221;off&#8221; button_two_border_radius__hover=&#8221;null&#8221; button_letter_spacing__hover_enabled=&#8221;on&#8221; button_letter_spacing__hover=&#8221;0&#8243; button_one_letter_spacing__hover_enabled=&#8221;off&#8221; button_one_letter_spacing__hover=&#8221;null&#8221; button_two_letter_spacing__hover_enabled=&#8221;off&#8221; button_two_letter_spacing__hover=&#8221;null&#8221; button_bg_color__hover_enabled=&#8221;off&#8221; button_bg_color__hover=&#8221;null&#8221; button_one_bg_color__hover_enabled=&#8221;off&#8221; button_one_bg_color__hover=&#8221;null&#8221; button_two_bg_color__hover_enabled=&#8221;off&#8221; button_two_bg_color__hover=&#8221;null&#8221; sticky_enabled=&#8221;0&#8243;][et_pb_slide use_bg_overlay=&#8221;off&#8221; use_text_overlay=&#8221;off&#8221; admin_title=&#8221;web&#8221; _builder_version=&#8221;4.23&#8243; header_font=&#8221;||||&#8221; header_text_align=&#8221;center&#8221; header_font_size=&#8221;50&#8243; body_font=&#8221;||||&#8221; background_color=&#8221;#ffffff&#8221; background_image=&#8221;https:\/\/ser.cw\/wp-content\/uploads\/sites\/280\/2024\/02\/AICESIS-Foto_1.jpg&#8221; background_enable_image=&#8221;on&#8221; background_size=&#8221;contain&#8221; button_on_hover=&#8221;on&#8221; hover_enabled=&#8221;0&#8243; header_font_size_tablet=&#8221;44&#8243; header_font_size_phone=&#8221;44&#8243; global_colors_info=&#8221;{}&#8221; sticky_transition=&#8221;on&#8221; sticky_enabled=&#8221;0&#8243;][\/et_pb_slide][\/et_pb_fullwidth_slider][\/et_pb_section][et_pb_section fb_built=&#8221;1&#8243; _builder_version=&#8221;4.16&#8243; background_color=&#8221;rgba(255,255,255,0)&#8221; custom_padding=&#8221;0px|0px|0px|0px&#8221; transparent_background=&#8221;on&#8221; global_colors_info=&#8221;{}&#8221;][et_pb_row column_structure=&#8221;2_3,1_3&#8243; use_custom_gutter=&#8221;on&#8221; gutter_width=&#8221;1&#8243; _builder_version=&#8221;4.16&#8243; global_colors_info=&#8221;{}&#8221;][et_pb_column type=&#8221;2_3&#8243; _builder_version=&#8221;4.16&#8243; custom_padding=&#8221;|||&#8221; global_colors_info=&#8221;{}&#8221; custom_padding__hover=&#8221;|||&#8221;][\/et_pb_column][et_pb_column type=&#8221;1_3&#8243; _builder_version=&#8221;4.16&#8243; custom_padding=&#8221;|||&#8221; global_colors_info=&#8221;{}&#8221; custom_padding__hover=&#8221;|||&#8221;][\/et_pb_column][\/et_pb_row][\/et_pb_section][et_pb_section fb_built=&#8221;1&#8243; _builder_version=&#8221;4.16&#8243; background_color=&#8221;#d1f0ff&#8221; custom_padding=&#8221;0px|0px|0px|0px&#8221; global_colors_info=&#8221;{}&#8221;][et_pb_row column_structure=&#8221;2_3,1_3&#8243; use_custom_gutter=&#8221;on&#8221; gutter_width=&#8221;1&#8243; make_equal=&#8221;on&#8221; _builder_version=&#8221;4.16&#8243; global_colors_info=&#8221;{}&#8221;][et_pb_column type=&#8221;2_3&#8243; _builder_version=&#8221;4.16&#8243; background_color=&#8221;#fcfeff&#8221; custom_padding=&#8221;30px|30px|0px|30px&#8221; global_colors_info=&#8221;{}&#8221; custom_padding__hover=&#8221;|||&#8221;][et_pb_text _builder_version=&#8221;4.23&#8243; background_color=&#8221;#0C71C3&#8243; height=&#8221;90px&#8221; custom_margin=&#8221;-120px|-30px||-30px|false|false&#8221; custom_padding=&#8221;15px|30px|3px|30px&#8221; link_option_url=&#8221;#&#8221; global_colors_info=&#8221;{}&#8221;]<\/p>\n<h1 style=\"text-align: center\"><span style=\"color: #ffffff\">SER Cura\u00e7ao Leads AICESIS 2023 &#8211; 2025<\/span><\/h1>\n<p>[\/et_pb_text][et_pb_text _builder_version=&#8221;4.23&#8243; _module_preset=&#8221;default&#8221; header_2_font_size=&#8221;28px&#8221; custom_margin=&#8221;25px||0px||false|false&#8221; hover_enabled=&#8221;0&#8243; global_colors_info=&#8221;{}&#8221; sticky_enabled=&#8221;0&#8243;]<\/p>\n<h2>Charting New Horizons for 2023-2025<\/h2>\n<p>[\/et_pb_text][et_pb_text _builder_version=&#8221;4.23&#8243; header_2_text_color=&#8221;gcid-32bf42ab-e03f-4a54-b6d4-4ebc29df6ce0&#8243; header_5_font_size=&#8221;18px&#8221; header_5_line_height=&#8221;1.3em&#8221; custom_margin=&#8221;0px||||false|false&#8221; custom_padding=&#8221;10px||30px||false|false&#8221; hover_enabled=&#8221;0&#8243; global_colors_info=&#8221;{%22gcid-32bf42ab-e03f-4a54-b6d4-4ebc29df6ce0%22:%91%22header_2_text_color%22%93}&#8221; sticky_enabled=&#8221;0&#8243;]<\/p>\n<p>Willemstad, Nov. 15, 2023 \u2013 In a landmark development for global economic and social dialogue, the Social and Economic Council (SER) of Cura\u00e7ao has taken the helm of the International Association of Economic and Social Councils and Similar Institutions (AICESIS) as its president, effective Nov. 1, 2023. This tenure, extending until Oct. 31, 2025, represents a pivotal juncture for SER and a significant achievement for the Latin America and Caribbean region.<\/p>\n<p>&nbsp;<\/p>\n<p>The transition to this leadership role, guided by Article 8(1) of the AICESIS Charter, reflects the rotational nature of this pivotal position across diverse geographic regions, as stipulated in Article 7(3). The Cura\u00e7ao ESC\u2019s ascension to presidency, ratified at the AICESIS General Assembly in Moscow on November 1, 2023, signifies the trust and esteem bestowed upon the ESC by fellow association members.<\/p>\n<p>&nbsp;<\/p>\n<p>Embarking on its presidency, SER Cura\u00e7ao has unveiled an ambitious <a href=\"https:\/\/ser.cw\/wp-content\/uploads\/sites\/280\/2023\/11\/Roadmap-Presidency-2023-2025-CUR.docx\" target=\"_blank\" rel=\"noopener\">&#8220;Roadmap Presidency 2023-2025 CUR\u201d<\/a> dedicated to fostering broad, inclusive prosperity. This forward-thinking strategy is intricately aligned with the United Nations (UN) Sustainable Development Goals, emphasizing the necessity for a tailored, decentralized approach. This strategy acknowledges the distinct challenges and prospects unique to AICESIS\u2019s four geographic regions.<\/p>\n<p>&nbsp;<\/p>\n<p>A comprehensive <a href=\"https:\/\/youtu.be\/PfADGAyxOS0\" target=\"_blank\" rel=\"noopener\">visual blueprint of this roadmap<\/a> was presented to the AICESIS General Assembly and Board, meticulously outlining strategic objectives and action plans for the ensuing two years. Through this initiative, the Cura\u00e7ao ESC reaffirms its commitment to enhancing global institutionalized social dialogue, consultation, and the fortification of participatory democracy.<\/p>\n<p>&nbsp;<\/p>\n<p>In addition, as president, SER Cura\u00e7ao will act as a cohesive voice on international stages, including the International Labor Organization (ILO) and the United Nations Economic and Social Council (ECOSOC). This role involves ensuring the perspectives and insights of AICESIS members are integrally represented in worldwide discussions.<\/p>\n<p>&nbsp;<\/p>\n<p>This leadership appointment underlines SER Cura\u00e7ao\u2019s dedication to advancing global prosperity and socio-economic development, adhering to the core tenets of the United Nations and the internationally recognized labor standards set by the ILO. Please visit \u00a0<a href=\"https:\/\/ser.cw\/2023\/11\/10\/ser-curacao-leidt-aicesis\/\">https:\/\/ser.cw\/2023\/11\/10\/ser-curacao-leidt-aicesis\/<\/a> for more information.<\/p>\n<p>[\/et_pb_text][\/et_pb_column][et_pb_column type=&#8221;1_3&#8243; _builder_version=&#8221;4.16&#8243; background_color=&#8221;#f4fbff&#8221; custom_padding=&#8221;30px|30px|30px|30px&#8221; global_colors_info=&#8221;{}&#8221; custom_padding__hover=&#8221;|||&#8221;][et_pb_sidebar area=&#8221;et_pb_widget_area_8&#8243; disabled_on=&#8221;off|off|off&#8221; _builder_version=&#8221;4.23&#8243; hover_enabled=&#8221;0&#8243; saved_tabs=&#8221;all&#8221; global_colors_info=&#8221;{}&#8221; sticky_enabled=&#8221;0&#8243;][\/et_pb_sidebar][et_pb_divider show_divider=&#8221;off&#8221; _builder_version=&#8221;4.23&#8243; height=&#8221;52px&#8221; global_colors_info=&#8221;{}&#8221;][\/et_pb_divider][\/et_pb_column][\/et_pb_row][\/et_pb_section][et_pb_section fb_built=&#8221;1&#8243; module_class=&#8221;contact-footer&#8221; _builder_version=&#8221;4.19.4&#8243; _module_preset=&#8221;default&#8221; saved_tabs=&#8221;all&#8221; locked=&#8221;off&#8221; global_colors_info=&#8221;{}&#8221;][et_pb_row column_structure=&#8221;1_3,1_3,1_3&#8243; use_custom_gutter=&#8221;on&#8221; make_equal=&#8221;on&#8221; _builder_version=&#8221;4.16&#8243; background_color=&#8221;#73d2ff&#8221; width_phone=&#8221;50px&#8221; max_width_phone=&#8221;1280px&#8221; custom_margin=&#8221;0px||0px|&#8221; custom_padding=&#8221;0px|0px|0px|0px&#8221; z_index_tablet=&#8221;500&#8243; box_shadow_horizontal_tablet=&#8221;0px&#8221; box_shadow_vertical_tablet=&#8221;0px&#8221; box_shadow_blur_tablet=&#8221;40px&#8221; box_shadow_spread_tablet=&#8221;0px&#8221; global_colors_info=&#8221;{}&#8221;][et_pb_column type=&#8221;1_3&#8243; _builder_version=&#8221;4.16&#8243; custom_padding=&#8221;30px|30px|30px|30px&#8221; global_colors_info=&#8221;{}&#8221; custom_padding__hover=&#8221;|||&#8221;][et_pb_text admin_label=&#8221;Links&#8221; _builder_version=&#8221;4.16&#8243; text_font=&#8221;||||||||&#8221; text_font_size=&#8221;20px&#8221; ul_font=&#8221;||||||||&#8221; header_font=&#8221;||||||||&#8221; border_style=&#8221;solid&#8221; text_text_align=&#8221;left&#8221; global_colors_info=&#8221;{}&#8221;]<\/p>\n<h3 style=\"text-align: left\">Meer informatie<\/h3>\n<ul>\n<li style=\"text-align: left\"><a href=\"https:\/\/ser.cw\/ser-in-het-kort\/wat-doet-de-ser\/\">Wat doet de SER?<\/a><\/li>\n<li style=\"text-align: left\"><a href=\"\/onze-werkwijze\/wettelijke-regelingen\/\">Wettelijke regelingen<\/a><\/li>\n<li style=\"text-align: left\"><a href=\"https:\/\/ser.cw\/documenten\/jaarverslagen\/\">Jaarverslagen<\/a><\/li>\n<\/ul>\n<p>[\/et_pb_text][\/et_pb_column][et_pb_column type=&#8221;1_3&#8243; _builder_version=&#8221;4.16&#8243; custom_padding=&#8221;0px|0px|0px|0px&#8221; global_colors_info=&#8221;{}&#8221; custom_padding__hover=&#8221;|||&#8221;][et_pb_image src=&#8221;https:\/\/ser.cw\/wp-content\/uploads\/sites\/280\/2022\/07\/SER-gebouw-website-3-1.png&#8221; show_bottom_space=&#8221;off&#8221; align=&#8221;right&#8221; align_tablet=&#8221;center&#8221; align_phone=&#8221;&#8221; align_last_edited=&#8221;on|desktop&#8221; _builder_version=&#8221;4.16&#8243; custom_margin=&#8221;0px|0px|0px|0px&#8221; z_index_tablet=&#8221;500&#8243; box_shadow_horizontal_tablet=&#8221;0px&#8221; box_shadow_vertical_tablet=&#8221;0px&#8221; box_shadow_blur_tablet=&#8221;40px&#8221; box_shadow_spread_tablet=&#8221;0px&#8221; global_colors_info=&#8221;{}&#8221;][\/et_pb_image][\/et_pb_column][et_pb_column type=&#8221;1_3&#8243; _builder_version=&#8221;4.16&#8243; custom_padding=&#8221;30px|30px|0px|30px&#8221; global_colors_info=&#8221;{}&#8221; custom_padding__hover=&#8221;|||&#8221;][et_pb_text _builder_version=&#8221;4.16&#8243; text_font=&#8221;||||||||&#8221; global_colors_info=&#8221;{}&#8221;]<\/p>\n<h3>Sociaal Economische Raad<\/h3>\n<p>Ansinghstraat #17<br \/>Curacao<br \/>Tel: +5999 461 5406 \/ 5328<br \/>Email: info@ser.cw<\/p>\n<p>&nbsp;<\/p>\n<p>[\/et_pb_text][\/et_pb_column][\/et_pb_row][\/et_pb_section]<\/p>\n","protected":false},"excerpt":{"rendered":"<p>SER Cura\u00e7ao Leads AICESIS 2023 &#8211; 2025Charting New Horizons for 2023-2025Willemstad, Nov. 15, 2023 \u2013 In a landmark development for global economic and social dialogue, the Social and Economic Council (SER) of Cura\u00e7ao has taken the helm of the International Association of Economic and Social Councils and Similar Institutions (AICESIS) as its president, effective Nov. [&hellip;]<\/p>\n","protected":false},"author":215,"featured_media":0,"parent":0,"menu_order":0,"comment_status":"closed","ping_status":"closed","template":"","meta":{"_et_pb_use_builder":"on","_et_pb_old_content":"","_et_gb_content_width":"","_links_to":"","_links_to_type":0,"footnotes":""},"class_list":["post-30449","page","type-page","status-publish","hentry"],"yoast_head":"<!-- This site is optimized with the Yoast SEO plugin v27.3 - https:\/\/yoast.com\/product\/yoast-seo-wordpress\/ -->\n<title>SER Cura\u00e7ao Leads AICESIS - Sociaal Economische Raad Cura\u00e7ao<\/title>\n<meta name=\"robots\" content=\"index, follow, max-snippet:-1, max-image-preview:large, max-video-preview:-1\" \/>\n<link rel=\"canonical\" href=\"https:\/\/ser.cw\/en\/conference-the-future-of-work-2023\/\" \/>\n<meta property=\"og:locale\" content=\"en_US\" \/>\n<meta property=\"og:type\" content=\"article\" \/>\n<meta property=\"og:title\" content=\"SER Cura\u00e7ao Leads AICESIS - Sociaal Economische Raad Cura\u00e7ao\" \/>\n<meta property=\"og:description\" content=\"SER Cura\u00e7ao Leads AICESIS 2023 - 2025Charting New Horizons for 2023-2025Willemstad, Nov. 15, 2023 \u2013 In a landmark development for global economic and social dialogue, the Social and Economic Council (SER) of Cura\u00e7ao has taken the helm of the International Association of Economic and Social Councils and Similar Institutions (AICESIS) as its president, effective Nov. [&hellip;]\" \/>\n<meta property=\"og:url\" content=\"https:\/\/ser.cw\/en\/conference-the-future-of-work-2023\/\" \/>\n<meta property=\"og:site_name\" content=\"Sociaal Economische Raad Cura\u00e7ao\" \/>\n<meta property=\"article:modified_time\" content=\"2024-02-29T15:22:59+00:00\" \/>\n<meta property=\"og:image\" content=\"https:\/\/ser.cw\/wp-content\/uploads\/sites\/280\/2018\/01\/SER-logo-web.png\" \/>\n\t<meta property=\"og:image:width\" content=\"300\" \/>\n\t<meta property=\"og:image:height\" content=\"127\" \/>\n\t<meta property=\"og:image:type\" content=\"image\/png\" \/>\n<meta name=\"twitter:card\" content=\"summary_large_image\" \/>\n<meta name=\"twitter:label1\" content=\"Est. reading time\" \/>\n\t<meta name=\"twitter:data1\" content=\"2 minutes\" \/>\n<script type=\"application\/ld+json\" class=\"yoast-schema-graph\">{\"@context\":\"https:\\\/\\\/schema.org\",\"@graph\":[{\"@type\":\"WebPage\",\"@id\":\"https:\\\/\\\/ser.cw\\\/en\\\/conference-the-future-of-work-2023\\\/\",\"url\":\"https:\\\/\\\/ser.cw\\\/en\\\/conference-the-future-of-work-2023\\\/\",\"name\":\"SER Cura\u00e7ao Leads AICESIS - Sociaal Economische Raad Cura\u00e7ao\",\"isPartOf\":{\"@id\":\"https:\\\/\\\/ser.cw\\\/#website\"},\"datePublished\":\"2023-09-08T17:26:54+00:00\",\"dateModified\":\"2024-02-29T15:22:59+00:00\",\"breadcrumb\":{\"@id\":\"https:\\\/\\\/ser.cw\\\/en\\\/conference-the-future-of-work-2023\\\/#breadcrumb\"},\"inLanguage\":\"en-US\",\"potentialAction\":[{\"@type\":\"ReadAction\",\"target\":[\"https:\\\/\\\/ser.cw\\\/en\\\/conference-the-future-of-work-2023\\\/\"]}]},{\"@type\":\"BreadcrumbList\",\"@id\":\"https:\\\/\\\/ser.cw\\\/en\\\/conference-the-future-of-work-2023\\\/#breadcrumb\",\"itemListElement\":[{\"@type\":\"ListItem\",\"position\":1,\"name\":\"Home\",\"item\":\"https:\\\/\\\/ser.cw\\\/en\\\/\"},{\"@type\":\"ListItem\",\"position\":2,\"name\":\"SER Cura\u00e7ao Leads AICESIS\"}]},{\"@type\":\"WebSite\",\"@id\":\"https:\\\/\\\/ser.cw\\\/#website\",\"url\":\"https:\\\/\\\/ser.cw\\\/\",\"name\":\"Sociaal Economische Raad Cura\u00e7ao\",\"description\":\"adviesorgaan van de regering en het parlement van Cura\u00e7ao omtrent alle belangrijke onderwerpen van sociaal-economische aard\",\"potentialAction\":[{\"@type\":\"SearchAction\",\"target\":{\"@type\":\"EntryPoint\",\"urlTemplate\":\"https:\\\/\\\/ser.cw\\\/?s={search_term_string}\"},\"query-input\":{\"@type\":\"PropertyValueSpecification\",\"valueRequired\":true,\"valueName\":\"search_term_string\"}}],\"inLanguage\":\"en-US\"}]}<\/script>\n<!-- \/ Yoast SEO plugin. -->","yoast_head_json":{"title":"SER Cura\u00e7ao Leads AICESIS - Sociaal Economische Raad Cura\u00e7ao","robots":{"index":"index","follow":"follow","max-snippet":"max-snippet:-1","max-image-preview":"max-image-preview:large","max-video-preview":"max-video-preview:-1"},"canonical":"https:\/\/ser.cw\/en\/conference-the-future-of-work-2023\/","og_locale":"en_US","og_type":"article","og_title":"SER Cura\u00e7ao Leads AICESIS - Sociaal Economische Raad Cura\u00e7ao","og_description":"SER Cura\u00e7ao Leads AICESIS 2023 - 2025Charting New Horizons for 2023-2025Willemstad, Nov. 15, 2023 \u2013 In a landmark development for global economic and social dialogue, the Social and Economic Council (SER) of Cura\u00e7ao has taken the helm of the International Association of Economic and Social Councils and Similar Institutions (AICESIS) as its president, effective Nov. [&hellip;]","og_url":"https:\/\/ser.cw\/en\/conference-the-future-of-work-2023\/","og_site_name":"Sociaal Economische Raad Cura\u00e7ao","article_modified_time":"2024-02-29T15:22:59+00:00","og_image":[{"width":300,"height":127,"url":"https:\/\/ser.cw\/wp-content\/uploads\/sites\/280\/2018\/01\/SER-logo-web.png","type":"image\/png"}],"twitter_card":"summary_large_image","twitter_misc":{"Est. reading time":"2 minutes"},"schema":{"@context":"https:\/\/schema.org","@graph":[{"@type":"WebPage","@id":"https:\/\/ser.cw\/en\/conference-the-future-of-work-2023\/","url":"https:\/\/ser.cw\/en\/conference-the-future-of-work-2023\/","name":"SER Cura\u00e7ao Leads AICESIS - Sociaal Economische Raad Cura\u00e7ao","isPartOf":{"@id":"https:\/\/ser.cw\/#website"},"datePublished":"2023-09-08T17:26:54+00:00","dateModified":"2024-02-29T15:22:59+00:00","breadcrumb":{"@id":"https:\/\/ser.cw\/en\/conference-the-future-of-work-2023\/#breadcrumb"},"inLanguage":"en-US","potentialAction":[{"@type":"ReadAction","target":["https:\/\/ser.cw\/en\/conference-the-future-of-work-2023\/"]}]},{"@type":"BreadcrumbList","@id":"https:\/\/ser.cw\/en\/conference-the-future-of-work-2023\/#breadcrumb","itemListElement":[{"@type":"ListItem","position":1,"name":"Home","item":"https:\/\/ser.cw\/en\/"},{"@type":"ListItem","position":2,"name":"SER Cura\u00e7ao Leads AICESIS"}]},{"@type":"WebSite","@id":"https:\/\/ser.cw\/#website","url":"https:\/\/ser.cw\/","name":"Sociaal Economische Raad Cura\u00e7ao","description":"adviesorgaan van de regering en het parlement van Cura\u00e7ao omtrent alle belangrijke onderwerpen van sociaal-economische aard","potentialAction":[{"@type":"SearchAction","target":{"@type":"EntryPoint","urlTemplate":"https:\/\/ser.cw\/?s={search_term_string}"},"query-input":{"@type":"PropertyValueSpecification","valueRequired":true,"valueName":"search_term_string"}}],"inLanguage":"en-US"}]}},"_links":{"self":[{"href":"https:\/\/ser.cw\/en\/wp-json\/wp\/v2\/pages\/30449","targetHints":{"allow":["GET"]}}],"collection":[{"href":"https:\/\/ser.cw\/en\/wp-json\/wp\/v2\/pages"}],"about":[{"href":"https:\/\/ser.cw\/en\/wp-json\/wp\/v2\/types\/page"}],"author":[{"embeddable":true,"href":"https:\/\/ser.cw\/en\/wp-json\/wp\/v2\/users\/215"}],"replies":[{"embeddable":true,"href":"https:\/\/ser.cw\/en\/wp-json\/wp\/v2\/comments?post=30449"}],"version-history":[{"count":0,"href":"https:\/\/ser.cw\/en\/wp-json\/wp\/v2\/pages\/30449\/revisions"}],"wp:attachment":[{"href":"https:\/\/ser.cw\/en\/wp-json\/wp\/v2\/media?parent=30449"}],"curies":[{"name":"wp","href":"https:\/\/api.w.org\/{rel}","templated":true}]}}